{"id":55,"date":"2016-04-25T19:59:44","date_gmt":"2016-04-25T17:59:44","guid":{"rendered":"http:\/\/urban-gardening-blog.de\/Blog\/?page_id=55"},"modified":"2024-10-04T19:26:21","modified_gmt":"2024-10-04T17:26:21","slug":"rezepte","status":"publish","type":"page","link":"https:\/\/urban-gardening-blog.de\/Blog\/infothek\/rezepte\/","title":{"rendered":"Rezepte &#8211; schnell, gesund und lecker"},"content":{"rendered":"<p>Hier findet ihr eine Auswahl meiner Lieblings-Rezepte, die euch Ideen liefern sollen wie ihr eure Ernte frisch und lecker verarbeiten k\u00f6nnt. Dabei habe ich es am liebsten gesund und einfach. Daher sind meine Rezepte auch mit m\u00f6glichst wenigen Zutaten und schnell gekocht.<\/p>\n<p>F\u00fcr den Anfang ist es nur eine kleine Auswahl an Rezepten, aber ich werde sie kontinuierlich erweitern. Und ich freue mich nat\u00fcrlich auch, wenn ihr mir ein paar Ideen liefert, welche ich gerne ausprobieren und hinzuf\u00fcgen werde.<\/p>\n<p>Denn was hat man schon vom leckersten Obst und Gem\u00fcse, wenn man nicht so recht wei\u00df was man (oder frau \ud83d\ude09 ) damit anfangen kann &#8211; Viel Spa\u00df beim Nachkochen!<\/p>\n<ul>\n<li style=\"list-style-type: none;\">\n<ul>\n<li><a href=\"https:\/\/urban-gardening-blog.de\/Blog\/wp-content\/uploads\/2020\/09\/Basilikumpesto.pdf\">Basilikumpesto<\/a><\/li>\n<li><a href=\"https:\/\/urban-gardening-blog.de\/Blog\/wp-content\/uploads\/2016\/04\/Brennnesselspinat.pdf\">Brennnesselspinat<\/a><\/li>\n<li><a href=\"https:\/\/urban-gardening-blog.de\/Blog\/wp-content\/uploads\/2016\/04\/Buschbohnengem\u00fcse.pdf\">Buschbohnengem\u00fcse<\/a><\/li>\n<li><a href=\"https:\/\/urban-gardening-blog.de\/Blog\/wp-content\/uploads\/2016\/04\/Calendula-Curry-Butter.pdf\">Calendula-Curry-Butter<\/a><\/li>\n<li><a href=\"https:\/\/urban-gardening-blog.de\/Blog\/wp-content\/uploads\/2016\/04\/Chips.pdf\">Chips<\/a><\/li>\n<li><a href=\"https:\/\/urban-gardening-blog.de\/Blog\/wp-content\/uploads\/2021\/10\/Dillsosse.pdf\">Dillso\u00dfe<\/a><\/li>\n<li><a href=\"https:\/\/urban-gardening-blog.de\/Blog\/wp-content\/uploads\/2016\/04\/Erdbeer-Bananen-Kuchen.pdf\">Erdbeer-Bananen-Kuchen<\/a><\/li>\n<li><a href=\"https:\/\/urban-gardening-blog.de\/Blog\/wp-content\/uploads\/2016\/04\/Erdbeer-Rhabarber-Dessert.pdf\">Erdbeer-Rhabarber-Dessert<\/a><\/li>\n<li><a href=\"https:\/\/urban-gardening-blog.de\/Blog\/wp-content\/uploads\/2021\/10\/Erdbeereis_2erlei.pdf\">Erdbeereis_2erlei<\/a><\/li>\n<li><a href=\"https:\/\/urban-gardening-blog.de\/Blog\/wp-content\/uploads\/2020\/10\/Heilbutt-auf-Kuerbis.pdf\">Fisch auf K\u00fcrbis-Lauch-Bett<\/a><\/li>\n<li><a href=\"https:\/\/urban-gardening-blog.de\/Blog\/wp-content\/uploads\/2016\/04\/Hack-Bohnen-Auflauf.pdf\">Hack-Bohnen-Auflauf<\/a><\/li>\n<li><a href=\"https:\/\/urban-gardening-blog.de\/Blog\/wp-content\/uploads\/2020\/11\/Kartoffelsuppe-Lauch-Emmentaler.pdf\">Kartoffelsuppe-Lauch-Emmentaler<\/a><\/li>\n<li><a href=\"https:\/\/urban-gardening-blog.de\/Blog\/wp-content\/uploads\/2016\/04\/Karotten-Brot-mit-Kokos.pdf\">Karotten-Brot mit Kokos<\/a><\/li>\n<li><a href=\"https:\/\/urban-gardening-blog.de\/Blog\/wp-content\/uploads\/2016\/04\/Vollkorn-Karotten-Brot.pdf\">Vollkorn-Karotten-Brot<\/a><\/li>\n<li><a href=\"https:\/\/urban-gardening-blog.de\/Blog\/wp-content\/uploads\/2021\/04\/Kaesespaetzle-mit-Pilzen.pdf\">K\u00e4sesp\u00e4tzle mit Pilzen<\/a><\/li>\n<li><a href=\"https:\/\/urban-gardening-blog.de\/Blog\/wp-content\/uploads\/2016\/04\/Karottenkuchen.pdf\">Karottenkuchen<\/a><\/li>\n<li><a href=\"https:\/\/urban-gardening-blog.de\/Blog\/wp-content\/uploads\/2016\/04\/Karotten-Mandel-Muffins.pdf\">Karotten-Mandel-Muffins<\/a><\/li>\n<li><a href=\"https:\/\/urban-gardening-blog.de\/Blog\/wp-content\/uploads\/2021\/01\/Karotten_Suesskartoffel_Suppe.pdf\">Karotten_S\u00fc\u00dfkartoffel_Suppe<\/a><\/li>\n<li><a href=\"https:\/\/urban-gardening-blog.de\/Blog\/wp-content\/uploads\/2021\/08\/Kraeutersalz.pdf\">Kr\u00e4utersalz<\/a><\/li>\n<li><a href=\"https:\/\/urban-gardening-blog.de\/Blog\/wp-content\/uploads\/2020\/10\/Kuerbis-Brotaufstrich.pdf\">K\u00fcrbis-Brotaufstrich<\/a><\/li>\n<li><a href=\"https:\/\/urban-gardening-blog.de\/Blog\/wp-content\/uploads\/2020\/10\/Schnelle-Kuerbissuppe.pdf\">K\u00fcrbissuppe (schnelle Variante)<\/a><\/li>\n<li><a href=\"https:\/\/urban-gardening-blog.de\/Blog\/wp-content\/uploads\/2020\/10\/Kuerbis-Suesskartoffel-Suppe.pdf\">K\u00fcrbis-S\u00fc\u00dfkartoffel-Suppe<\/a><\/li>\n<li><a href=\"https:\/\/urban-gardening-blog.de\/Blog\/wp-content\/uploads\/2021\/10\/Kuerbis-Lachs-Lasagne.pdf\">K\u00fcrbis-Lachs-Lasagne<\/a><\/li>\n<li><a href=\"https:\/\/urban-gardening-blog.de\/Blog\/wp-content\/uploads\/2016\/04\/Rhabarberkuchen-mit-Baiser.pdf\">Rhabarberkuchen<\/a><\/li>\n<li><a href=\"https:\/\/urban-gardening-blog.de\/Blog\/wp-content\/uploads\/2016\/04\/Radieschensalat.pdf\">Radieschensalat<\/a><\/li>\n<li><a href=\"https:\/\/urban-gardening-blog.de\/Blog\/wp-content\/uploads\/2021\/10\/Vanille-Beeren-Tiramisu.pdf\">Vanille-Beeren-Tiramisu<\/a><\/li>\n<li><a href=\"https:\/\/urban-gardening-blog.de\/Blog\/wp-content\/uploads\/2016\/04\/Weihnachtsravioli.pdf\">Weihnachtsravioli<\/a><\/li>\n<li><a href=\"https:\/\/urban-gardening-blog.de\/Blog\/wp-content\/uploads\/2021\/10\/Zucchinisuppe.pdf\">Zucchinisuppe<\/a><\/li>\n<li><a href=\"https:\/\/urban-gardening-blog.de\/Blog\/wp-content\/uploads\/2016\/04\/Zucchinibrot.pdf\">Zucchinibrot<\/a><\/li>\n<li><a href=\"https:\/\/urban-gardening-blog.de\/Blog\/wp-content\/uploads\/2024\/10\/Zwetschgenroester-mit-Vanille.pdf\">Zwetschgenr\u00f6ster mit Vanille<\/a><\/li>\n<li><a href=\"https:\/\/urban-gardening-blog.de\/Blog\/wp-content\/uploads\/2024\/10\/Zwetschgendatschi-mit-Streusel.pdf\">Zwetschgendatschi mit Streusel<\/a><\/li>\n<li><a href=\"https:\/\/urban-gardening-blog.de\/Blog\/wp-content\/uploads\/2024\/10\/Zwetschgenkuchen-mit-Baiser.pdf\">Zwetschgenkuchen mit Baiser<\/a><\/li>\n<li><a href=\"https:\/\/urban-gardening-blog.de\/Blog\/wp-content\/uploads\/2024\/10\/Zwetschgen-Schoko-Marmelade.pdf\">Zwetschgen-Schoko-Marmelade<\/a><\/li>\n<\/ul>\n<\/li>\n<\/ul>\n<p><!--more--><\/p>\n\n\n<figure class=\"wp-block-gallery has-nested-images columns-default is-cropped wp-block-gallery-1 is-layout-flex wp-block-gallery-is-layout-flex\">\n<figure class=\"wp-block-image size-large\"><img loading=\"lazy\" decoding=\"async\" width=\"1024\" height=\"1024\" data-id=\"2030\" src=\"https:\/\/urban-gardening-blog.de\/Blog\/wp-content\/uploads\/2021\/10\/Suppe-1024x1024.jpg\" alt=\"Suppe\" class=\"wp-image-2030\" srcset=\"https:\/\/urban-gardening-blog.de\/Blog\/wp-content\/uploads\/2021\/10\/Suppe-1024x1024.jpg 1024w, https:\/\/urban-gardening-blog.de\/Blog\/wp-content\/uploads\/2021\/10\/Suppe-300x300.jpg 300w, https:\/\/urban-gardening-blog.de\/Blog\/wp-content\/uploads\/2021\/10\/Suppe-150x150.jpg 150w, https:\/\/urban-gardening-blog.de\/Blog\/wp-content\/uploads\/2021\/10\/Suppe-768x768.jpg 768w, https:\/\/urban-gardening-blog.de\/Blog\/wp-content\/uploads\/2021\/10\/Suppe-1536x1536.jpg 1536w, https:\/\/urban-gardening-blog.de\/Blog\/wp-content\/uploads\/2021\/10\/Suppe-2048x2048.jpg 2048w, https:\/\/urban-gardening-blog.de\/Blog\/wp-content\/uploads\/2021\/10\/Suppe-144x144.jpg 144w\" sizes=\"auto, (max-width: 1024px) 100vw, 1024px\" \/><\/figure>\n\n\n\n<figure class=\"wp-block-image size-large\"><img loading=\"lazy\" decoding=\"async\" width=\"957\" height=\"1024\" data-id=\"1320\" src=\"https:\/\/urban-gardening-blog.de\/Blog\/wp-content\/uploads\/2020\/09\/Rezeptbuch-957x1024.png\" alt=\"Rezepte schnell\" class=\"wp-image-1320\" srcset=\"https:\/\/urban-gardening-blog.de\/Blog\/wp-content\/uploads\/2020\/09\/Rezeptbuch-957x1024.png 957w, https:\/\/urban-gardening-blog.de\/Blog\/wp-content\/uploads\/2020\/09\/Rezeptbuch-280x300.png 280w, https:\/\/urban-gardening-blog.de\/Blog\/wp-content\/uploads\/2020\/09\/Rezeptbuch-768x822.png 768w, https:\/\/urban-gardening-blog.de\/Blog\/wp-content\/uploads\/2020\/09\/Rezeptbuch-1436x1536.png 1436w, https:\/\/urban-gardening-blog.de\/Blog\/wp-content\/uploads\/2020\/09\/Rezeptbuch-1914x2048.png 1914w, https:\/\/urban-gardening-blog.de\/Blog\/wp-content\/uploads\/2020\/09\/Rezeptbuch.png 1944w\" sizes=\"auto, (max-width: 957px) 100vw, 957px\" \/><\/figure>\n\n\n\n<figure class=\"wp-block-image size-large\"><img loading=\"lazy\" decoding=\"async\" width=\"1024\" height=\"1024\" data-id=\"2029\" src=\"https:\/\/urban-gardening-blog.de\/Blog\/wp-content\/uploads\/2021\/10\/Basilikumpesto-1024x1024.jpg\" alt=\"Basilikumpesto\" class=\"wp-image-2029\" srcset=\"https:\/\/urban-gardening-blog.de\/Blog\/wp-content\/uploads\/2021\/10\/Basilikumpesto-1024x1024.jpg 1024w, https:\/\/urban-gardening-blog.de\/Blog\/wp-content\/uploads\/2021\/10\/Basilikumpesto-300x300.jpg 300w, https:\/\/urban-gardening-blog.de\/Blog\/wp-content\/uploads\/2021\/10\/Basilikumpesto-150x150.jpg 150w, https:\/\/urban-gardening-blog.de\/Blog\/wp-content\/uploads\/2021\/10\/Basilikumpesto-768x768.jpg 768w, https:\/\/urban-gardening-blog.de\/Blog\/wp-content\/uploads\/2021\/10\/Basilikumpesto-1536x1536.jpg 1536w, https:\/\/urban-gardening-blog.de\/Blog\/wp-content\/uploads\/2021\/10\/Basilikumpesto-2048x2048.jpg 2048w, https:\/\/urban-gardening-blog.de\/Blog\/wp-content\/uploads\/2021\/10\/Basilikumpesto-144x144.jpg 144w\" sizes=\"auto, (max-width: 1024px) 100vw, 1024px\" \/><\/figure>\n<\/figure>\n","protected":false},"excerpt":{"rendered":"<p>Hier findet ihr eine Auswahl meiner Lieblings-Rezepte, die euch Ideen liefern sollen wie ihr eure Ernte frisch und lecker verarbeiten k\u00f6nnt. Dabei habe ich es am liebsten gesund und einfach. Daher sind meine Rezepte auch mit m\u00f6glichst wenigen Zutaten und schnell gekocht. F\u00fcr den Anfang ist es nur eine kleine Auswahl an Rezepten, aber ich <a class=\"continue\" href=\"https:\/\/urban-gardening-blog.de\/Blog\/infothek\/rezepte\/\">[Continue]<\/a><\/p>\n","protected":false},"author":1,"featured_media":0,"parent":51,"menu_order":1,"comment_status":"closed","ping_status":"closed","template":"","meta":{"_lmt_disableupdate":"no","_lmt_disable":"","footnotes":"","_wp_rev_ctl_limit":""},"class_list":["post-55","page","type-page","status-publish","hentry"],"yoast_head":"<!-- This site is optimized with the Yoast SEO Premium plugin v26.4 (Yoast SEO v26.8) - https:\/\/yoast.com\/product\/yoast-seo-premium-wordpress\/ -->\n<title>Rezepte - schnell, gesund und lecker - Nettes Stadtgarten<\/title>\n<meta name=\"description\" content=\"Leckere und schnelle Rezepte gesucht? Am liebsten mit der Ernte vom Balkongarten? Genau das findet ihr hier - schaut doch vorbei.\" \/>\n<meta name=\"robots\" content=\"index, follow, max-snippet:-1, max-image-preview:large, max-video-preview:-1\" \/>\n<link rel=\"canonical\" href=\"https:\/\/urban-gardening-blog.de\/Blog\/infothek\/rezepte\/\" \/>\n<meta property=\"og:locale\" content=\"de_DE\" \/>\n<meta property=\"og:type\" content=\"article\" \/>\n<meta property=\"og:title\" content=\"Rezepte - schnell, gesund und lecker\" \/>\n<meta property=\"og:description\" content=\"Leckere und schnelle Rezepte gesucht? Am liebsten mit der Ernte vom Balkongarten? Genau das findet ihr hier - schaut doch vorbei.\" \/>\n<meta property=\"og:url\" content=\"https:\/\/urban-gardening-blog.de\/Blog\/infothek\/rezepte\/\" \/>\n<meta property=\"og:site_name\" content=\"Nettes Stadtgarten\" \/>\n<meta property=\"article:modified_time\" content=\"2024-10-04T17:26:21+00:00\" \/>\n<meta property=\"og:image\" content=\"https:\/\/urban-gardening-blog.de\/Blog\/wp-content\/uploads\/2021\/10\/Suppe-1024x1024.jpg\" \/>\n<meta name=\"twitter:card\" content=\"summary_large_image\" \/>\n<meta name=\"twitter:label1\" content=\"Gesch\u00e4tzte Lesezeit\" \/>\n\t<meta name=\"twitter:data1\" content=\"2\u00a0Minuten\" \/>\n<script type=\"application\/ld+json\" class=\"yoast-schema-graph\">{\"@context\":\"https:\/\/schema.org\",\"@graph\":[{\"@type\":\"WebPage\",\"@id\":\"https:\/\/urban-gardening-blog.de\/Blog\/infothek\/rezepte\/\",\"url\":\"https:\/\/urban-gardening-blog.de\/Blog\/infothek\/rezepte\/\",\"name\":\"Rezepte - schnell, gesund und lecker - Nettes Stadtgarten\",\"isPartOf\":{\"@id\":\"https:\/\/urban-gardening-blog.de\/Blog\/#website\"},\"primaryImageOfPage\":{\"@id\":\"https:\/\/urban-gardening-blog.de\/Blog\/infothek\/rezepte\/#primaryimage\"},\"image\":{\"@id\":\"https:\/\/urban-gardening-blog.de\/Blog\/infothek\/rezepte\/#primaryimage\"},\"thumbnailUrl\":\"https:\/\/urban-gardening-blog.de\/Blog\/wp-content\/uploads\/2021\/10\/Suppe-1024x1024.jpg\",\"datePublished\":\"2016-04-25T17:59:44+00:00\",\"dateModified\":\"2024-10-04T17:26:21+00:00\",\"description\":\"Leckere und schnelle Rezepte gesucht? Am liebsten mit der Ernte vom Balkongarten? Genau das findet ihr hier - schaut doch vorbei.\",\"breadcrumb\":{\"@id\":\"https:\/\/urban-gardening-blog.de\/Blog\/infothek\/rezepte\/#breadcrumb\"},\"inLanguage\":\"de\",\"potentialAction\":[{\"@type\":\"ReadAction\",\"target\":[\"https:\/\/urban-gardening-blog.de\/Blog\/infothek\/rezepte\/\"]}]},{\"@type\":\"ImageObject\",\"inLanguage\":\"de\",\"@id\":\"https:\/\/urban-gardening-blog.de\/Blog\/infothek\/rezepte\/#primaryimage\",\"url\":\"https:\/\/urban-gardening-blog.de\/Blog\/wp-content\/uploads\/2021\/10\/Suppe-1024x1024.jpg\",\"contentUrl\":\"https:\/\/urban-gardening-blog.de\/Blog\/wp-content\/uploads\/2021\/10\/Suppe-1024x1024.jpg\"},{\"@type\":\"BreadcrumbList\",\"@id\":\"https:\/\/urban-gardening-blog.de\/Blog\/infothek\/rezepte\/#breadcrumb\",\"itemListElement\":[{\"@type\":\"ListItem\",\"position\":1,\"name\":\"Startseite\",\"item\":\"https:\/\/urban-gardening-blog.de\/Blog\/\"},{\"@type\":\"ListItem\",\"position\":2,\"name\":\"Infothek\",\"item\":\"https:\/\/urban-gardening-blog.de\/Blog\/infothek\/\"},{\"@type\":\"ListItem\",\"position\":3,\"name\":\"Rezepte &#8211; schnell, gesund und lecker\"}]},{\"@type\":\"WebSite\",\"@id\":\"https:\/\/urban-gardening-blog.de\/Blog\/#website\",\"url\":\"https:\/\/urban-gardening-blog.de\/Blog\/\",\"name\":\"Nettes Stadtgarten\",\"description\":\"\",\"publisher\":{\"@id\":\"https:\/\/urban-gardening-blog.de\/Blog\/#\/schema\/person\/c13187a6abcdab35fb6cc9632cb49b56\"},\"potentialAction\":[{\"@type\":\"SearchAction\",\"target\":{\"@type\":\"EntryPoint\",\"urlTemplate\":\"https:\/\/urban-gardening-blog.de\/Blog\/?s={search_term_string}\"},\"query-input\":{\"@type\":\"PropertyValueSpecification\",\"valueRequired\":true,\"valueName\":\"search_term_string\"}}],\"inLanguage\":\"de\"},{\"@type\":[\"Person\",\"Organization\"],\"@id\":\"https:\/\/urban-gardening-blog.de\/Blog\/#\/schema\/person\/c13187a6abcdab35fb6cc9632cb49b56\",\"name\":\"Nette\",\"image\":{\"@type\":\"ImageObject\",\"inLanguage\":\"de\",\"@id\":\"https:\/\/urban-gardening-blog.de\/Blog\/#\/schema\/person\/image\/\",\"url\":\"https:\/\/urban-gardening-blog.de\/Blog\/wp-content\/uploads\/2025\/01\/cropped-NSG_Logo_Neu.png\",\"contentUrl\":\"https:\/\/urban-gardening-blog.de\/Blog\/wp-content\/uploads\/2025\/01\/cropped-NSG_Logo_Neu.png\",\"width\":512,\"height\":512,\"caption\":\"Nette\"},\"logo\":{\"@id\":\"https:\/\/urban-gardening-blog.de\/Blog\/#\/schema\/person\/image\/\"}}]}<\/script>\n<!-- \/ Yoast SEO Premium plugin. -->","yoast_head_json":{"title":"Rezepte - schnell, gesund und lecker - Nettes Stadtgarten","description":"Leckere und schnelle Rezepte gesucht? Am liebsten mit der Ernte vom Balkongarten? Genau das findet ihr hier - schaut doch vorbei.","robots":{"index":"index","follow":"follow","max-snippet":"max-snippet:-1","max-image-preview":"max-image-preview:large","max-video-preview":"max-video-preview:-1"},"canonical":"https:\/\/urban-gardening-blog.de\/Blog\/infothek\/rezepte\/","og_locale":"de_DE","og_type":"article","og_title":"Rezepte - schnell, gesund und lecker","og_description":"Leckere und schnelle Rezepte gesucht? Am liebsten mit der Ernte vom Balkongarten? Genau das findet ihr hier - schaut doch vorbei.","og_url":"https:\/\/urban-gardening-blog.de\/Blog\/infothek\/rezepte\/","og_site_name":"Nettes Stadtgarten","article_modified_time":"2024-10-04T17:26:21+00:00","og_image":[{"url":"https:\/\/urban-gardening-blog.de\/Blog\/wp-content\/uploads\/2021\/10\/Suppe-1024x1024.jpg","type":"","width":"","height":""}],"twitter_card":"summary_large_image","twitter_misc":{"Gesch\u00e4tzte Lesezeit":"2\u00a0Minuten"},"schema":{"@context":"https:\/\/schema.org","@graph":[{"@type":"WebPage","@id":"https:\/\/urban-gardening-blog.de\/Blog\/infothek\/rezepte\/","url":"https:\/\/urban-gardening-blog.de\/Blog\/infothek\/rezepte\/","name":"Rezepte - schnell, gesund und lecker - Nettes Stadtgarten","isPartOf":{"@id":"https:\/\/urban-gardening-blog.de\/Blog\/#website"},"primaryImageOfPage":{"@id":"https:\/\/urban-gardening-blog.de\/Blog\/infothek\/rezepte\/#primaryimage"},"image":{"@id":"https:\/\/urban-gardening-blog.de\/Blog\/infothek\/rezepte\/#primaryimage"},"thumbnailUrl":"https:\/\/urban-gardening-blog.de\/Blog\/wp-content\/uploads\/2021\/10\/Suppe-1024x1024.jpg","datePublished":"2016-04-25T17:59:44+00:00","dateModified":"2024-10-04T17:26:21+00:00","description":"Leckere und schnelle Rezepte gesucht? Am liebsten mit der Ernte vom Balkongarten? Genau das findet ihr hier - schaut doch vorbei.","breadcrumb":{"@id":"https:\/\/urban-gardening-blog.de\/Blog\/infothek\/rezepte\/#breadcrumb"},"inLanguage":"de","potentialAction":[{"@type":"ReadAction","target":["https:\/\/urban-gardening-blog.de\/Blog\/infothek\/rezepte\/"]}]},{"@type":"ImageObject","inLanguage":"de","@id":"https:\/\/urban-gardening-blog.de\/Blog\/infothek\/rezepte\/#primaryimage","url":"https:\/\/urban-gardening-blog.de\/Blog\/wp-content\/uploads\/2021\/10\/Suppe-1024x1024.jpg","contentUrl":"https:\/\/urban-gardening-blog.de\/Blog\/wp-content\/uploads\/2021\/10\/Suppe-1024x1024.jpg"},{"@type":"BreadcrumbList","@id":"https:\/\/urban-gardening-blog.de\/Blog\/infothek\/rezepte\/#breadcrumb","itemListElement":[{"@type":"ListItem","position":1,"name":"Startseite","item":"https:\/\/urban-gardening-blog.de\/Blog\/"},{"@type":"ListItem","position":2,"name":"Infothek","item":"https:\/\/urban-gardening-blog.de\/Blog\/infothek\/"},{"@type":"ListItem","position":3,"name":"Rezepte &#8211; schnell, gesund und lecker"}]},{"@type":"WebSite","@id":"https:\/\/urban-gardening-blog.de\/Blog\/#website","url":"https:\/\/urban-gardening-blog.de\/Blog\/","name":"Nettes Stadtgarten","description":"","publisher":{"@id":"https:\/\/urban-gardening-blog.de\/Blog\/#\/schema\/person\/c13187a6abcdab35fb6cc9632cb49b56"},"potentialAction":[{"@type":"SearchAction","target":{"@type":"EntryPoint","urlTemplate":"https:\/\/urban-gardening-blog.de\/Blog\/?s={search_term_string}"},"query-input":{"@type":"PropertyValueSpecification","valueRequired":true,"valueName":"search_term_string"}}],"inLanguage":"de"},{"@type":["Person","Organization"],"@id":"https:\/\/urban-gardening-blog.de\/Blog\/#\/schema\/person\/c13187a6abcdab35fb6cc9632cb49b56","name":"Nette","image":{"@type":"ImageObject","inLanguage":"de","@id":"https:\/\/urban-gardening-blog.de\/Blog\/#\/schema\/person\/image\/","url":"https:\/\/urban-gardening-blog.de\/Blog\/wp-content\/uploads\/2025\/01\/cropped-NSG_Logo_Neu.png","contentUrl":"https:\/\/urban-gardening-blog.de\/Blog\/wp-content\/uploads\/2025\/01\/cropped-NSG_Logo_Neu.png","width":512,"height":512,"caption":"Nette"},"logo":{"@id":"https:\/\/urban-gardening-blog.de\/Blog\/#\/schema\/person\/image\/"}}]}},"_links":{"self":[{"href":"https:\/\/urban-gardening-blog.de\/Blog\/wp-json\/wp\/v2\/pages\/55","targetHints":{"allow":["GET"]}}],"collection":[{"href":"https:\/\/urban-gardening-blog.de\/Blog\/wp-json\/wp\/v2\/pages"}],"about":[{"href":"https:\/\/urban-gardening-blog.de\/Blog\/wp-json\/wp\/v2\/types\/page"}],"author":[{"embeddable":true,"href":"https:\/\/urban-gardening-blog.de\/Blog\/wp-json\/wp\/v2\/users\/1"}],"replies":[{"embeddable":true,"href":"https:\/\/urban-gardening-blog.de\/Blog\/wp-json\/wp\/v2\/comments?post=55"}],"version-history":[{"count":28,"href":"https:\/\/urban-gardening-blog.de\/Blog\/wp-json\/wp\/v2\/pages\/55\/revisions"}],"predecessor-version":[{"id":2730,"href":"https:\/\/urban-gardening-blog.de\/Blog\/wp-json\/wp\/v2\/pages\/55\/revisions\/2730"}],"up":[{"embeddable":true,"href":"https:\/\/urban-gardening-blog.de\/Blog\/wp-json\/wp\/v2\/pages\/51"}],"wp:attachment":[{"href":"https:\/\/urban-gardening-blog.de\/Blog\/wp-json\/wp\/v2\/media?parent=55"}],"curies":[{"name":"wp","href":"https:\/\/api.w.org\/{rel}","templated":true}]}}