{"id":53,"date":"2016-04-25T20:04:50","date_gmt":"2016-04-25T18:04:50","guid":{"rendered":"http:\/\/urban-gardening-blog.de\/Blog\/?page_id=53"},"modified":"2025-01-07T10:20:21","modified_gmt":"2025-01-07T09:20:21","slug":"vorlagen","status":"publish","type":"page","link":"https:\/\/urban-gardening-blog.de\/Blog\/infothek\/vorlagen\/","title":{"rendered":"Vorlagen &#038; mehr"},"content":{"rendered":"\n<p><strong><mark style=\"background-color:rgba(0, 0, 0, 0)\" class=\"has-inline-color has-vivid-red-color\">Vorlagen Pflanzen-Steckbriefe:<\/mark><\/strong><\/p>\n\n\n\n<p>Ihr braucht eine Vorlage f\u00fcr einen Steckbrief um die wichtigsten Details zu euren Samen zu beschreiben? F\u00fcr euch oder zum Verschenken? Dann findet ihr diese genau hier, nat\u00fcrlich schon mit ein paar h\u00e4ufigen Beispielen:<\/p>\n\n\n\n<div class=\"wp-block-file\"><a id=\"wp-block-file--media-2207613d-170c-4ec8-a8b3-1e18ab869601\" href=\"https:\/\/urban-gardening-blog.de\/Blog\/wp-content\/uploads\/2024\/11\/Vorlage_Pflanzensteckbriefe.docx\">Vorlage_Pflanzensteckbriefe<\/a><a href=\"https:\/\/urban-gardening-blog.de\/Blog\/wp-content\/uploads\/2024\/11\/Vorlage_Pflanzensteckbriefe.docx\" class=\"wp-block-file__button wp-element-button\" download aria-describedby=\"wp-block-file--media-2207613d-170c-4ec8-a8b3-1e18ab869601\">Herunterladen<\/a><\/div>\n\n\n\n<p><\/p>\n\n\n\n<p><span style=\"color: #8f0707;\"><strong><span class=\"has-inline-color has-vivid-red-color\">Pflanzkalender<\/span><\/strong><\/span> <strong><mark style=\"background-color:rgba(0, 0, 0, 0)\" class=\"has-inline-color has-vivid-red-color\">f\u00fcr Balkong\u00e4rtner:<\/mark><\/strong><\/p>\n\n\n\n<p>Hier findet ihr meinen Balkonkalender, der Monat f\u00fcr Monat die wichtigsten Aufgaben f\u00fcr Balkong\u00e4rtner listet. Kein langes Rumsuchen mehr, keine Infos die haupts\u00e4chlich f\u00fcr Gartenbesitzer sind; daf\u00fcr alle Aufgaben, die f\u00fcr Balkon- und Topfg\u00e4rtner sind auf einem Blick.<br>Bei mir h\u00e4ngt der Pflanzkalender gut sichtbar in der K\u00fcche &#8211; so kann ich nichts vergessen! Und auch euch wird er helfen keine Aufgaben mehr zu vergessen, oder sie zu fr\u00fch oder zu sp\u00e4t auszuf\u00fchren!<\/p>\n\n\n\n<div class=\"wp-block-buttons is-layout-flex wp-block-buttons-is-layout-flex\">\n<div class=\"wp-block-button\"><a class=\"wp-block-button__link wp-element-button\" href=\"https:\/\/urban-gardening-blog.de\/Blog\/infothek\/vorlagen\/balkonkalender\/\" target=\"_blank\" rel=\"noreferrer noopener\">Balkonkalender <\/a><\/div>\n<\/div>\n\n\n\n<p><strong><span class=\"has-inline-color has-vivid-red-color\">Aussaat- und Pflanzplan:<\/span><\/strong><\/p>\n\n\n\n<p>Wenn die Anzahl der Pflanzen, die man s\u00e4en und auspflanzen will mal mehr wird verliert man leicht die \u00dcbersicht: Was muss ich jetzt nochmal wann machen? Diese Info findet ihr in meinem Balkonkalender. Mit dessen Hilfe und der Vorlage f\u00fcr euren eigene Pflanzplan, steht eurem erfolgreichen Start ins neue Balkong\u00e4rtner-Jahr nichts mehr im Weg.<\/p>\n\n\n\n<div class=\"wp-block-file\"><a id=\"wp-block-file--media-764efc3a-1f2f-4508-9bbf-b02c6fc27615\" href=\"https:\/\/urban-gardening-blog.de\/Blog\/wp-content\/uploads\/2025\/01\/Vorlage_Aussaat-und-Pflanzplan.pdf\">Vorlage_Aussaat und Pflanzplan<\/a><a href=\"https:\/\/urban-gardening-blog.de\/Blog\/wp-content\/uploads\/2025\/01\/Vorlage_Aussaat-und-Pflanzplan.pdf\" class=\"wp-block-file__button wp-element-button\" download aria-describedby=\"wp-block-file--media-764efc3a-1f2f-4508-9bbf-b02c6fc27615\">Herunterladen<\/a><\/div>\n\n\n\n<p><\/p>\n\n\n\n<figure class=\"wp-block-gallery has-nested-images columns-default is-cropped wp-block-gallery-1 is-layout-flex wp-block-gallery-is-layout-flex\">\n<figure class=\"wp-block-image size-large\"><img loading=\"lazy\" decoding=\"async\" width=\"355\" height=\"249\" data-id=\"1082\" src=\"https:\/\/urban-gardening-blog.de\/Blog\/wp-content\/uploads\/2017\/07\/Haufen-Erdbeeren.jpg\" alt=\"\" class=\"wp-image-1082\" srcset=\"https:\/\/urban-gardening-blog.de\/Blog\/wp-content\/uploads\/2017\/07\/Haufen-Erdbeeren.jpg 355w, https:\/\/urban-gardening-blog.de\/Blog\/wp-content\/uploads\/2017\/07\/Haufen-Erdbeeren-300x210.jpg 300w\" sizes=\"auto, (max-width: 355px) 100vw, 355px\" \/><\/figure>\n\n\n\n<figure class=\"wp-block-image size-large\"><img loading=\"lazy\" decoding=\"async\" width=\"1024\" height=\"1024\" data-id=\"878\" src=\"https:\/\/urban-gardening-blog.de\/Blog\/wp-content\/uploads\/2017\/04\/IMG_0748-e1492889817777-1024x1024.jpg\" alt=\"\" class=\"wp-image-878\" srcset=\"https:\/\/urban-gardening-blog.de\/Blog\/wp-content\/uploads\/2017\/04\/IMG_0748-e1492889817777-1024x1024.jpg 1024w, https:\/\/urban-gardening-blog.de\/Blog\/wp-content\/uploads\/2017\/04\/IMG_0748-e1492889817777-150x150.jpg 150w, https:\/\/urban-gardening-blog.de\/Blog\/wp-content\/uploads\/2017\/04\/IMG_0748-e1492889817777-300x300.jpg 300w, https:\/\/urban-gardening-blog.de\/Blog\/wp-content\/uploads\/2017\/04\/IMG_0748-e1492889817777-768x768.jpg 768w\" sizes=\"auto, (max-width: 1024px) 100vw, 1024px\" \/><\/figure>\n\n\n\n<figure class=\"wp-block-image size-large\"><img loading=\"lazy\" decoding=\"async\" width=\"645\" height=\"470\" data-id=\"825\" src=\"https:\/\/urban-gardening-blog.de\/Blog\/wp-content\/uploads\/2017\/03\/Gem\u00fcsekorb.png\" alt=\"\" class=\"wp-image-825\" srcset=\"https:\/\/urban-gardening-blog.de\/Blog\/wp-content\/uploads\/2017\/03\/Gem\u00fcsekorb.png 645w, https:\/\/urban-gardening-blog.de\/Blog\/wp-content\/uploads\/2017\/03\/Gem\u00fcsekorb-300x219.png 300w\" sizes=\"auto, (max-width: 645px) 100vw, 645px\" \/><\/figure>\n<\/figure>\n","protected":false},"excerpt":{"rendered":"<p>Vorlagen Pflanzen-Steckbriefe: Ihr braucht eine Vorlage f\u00fcr einen Steckbrief um die wichtigsten Details zu euren Samen zu beschreiben? F\u00fcr euch oder zum Verschenken? Dann findet ihr diese genau hier, nat\u00fcrlich schon mit ein paar h\u00e4ufigen Beispielen: Pflanzkalender f\u00fcr Balkong\u00e4rtner: Hier findet ihr meinen Balkonkalender, der Monat f\u00fcr Monat die wichtigsten Aufgaben f\u00fcr Balkong\u00e4rtner listet. Kein <a class=\"continue\" href=\"https:\/\/urban-gardening-blog.de\/Blog\/infothek\/vorlagen\/\">[Continue]<\/a><\/p>\n","protected":false},"author":1,"featured_media":0,"parent":51,"menu_order":0,"comment_status":"closed","ping_status":"closed","template":"","meta":{"_lmt_disableupdate":"no","_lmt_disable":"","footnotes":"","_wp_rev_ctl_limit":"1"},"class_list":["post-53","page","type-page","status-publish","hentry"],"yoast_head":"<!-- This site is optimized with the Yoast SEO Premium plugin v26.4 (Yoast SEO v26.8) - https:\/\/yoast.com\/product\/yoast-seo-premium-wordpress\/ -->\n<title>Vorlagen &amp; mehr - Nettes Stadtgarten<\/title>\n<meta name=\"description\" content=\"Wann muss ich s\u00e4en? Welche Aufgaben hab ich das Balkonjahr \u00fcber? Hier findet ihr verschiedene Vorlagen und andere Downloads, die euch beim Balkong\u00e4rtnern helfen.\" \/>\n<meta name=\"robots\" content=\"index, follow, max-snippet:-1, max-image-preview:large, max-video-preview:-1\" \/>\n<link rel=\"canonical\" href=\"https:\/\/urban-gardening-blog.de\/Blog\/infothek\/vorlagen\/\" \/>\n<meta property=\"og:locale\" content=\"de_DE\" \/>\n<meta property=\"og:type\" content=\"article\" \/>\n<meta property=\"og:title\" content=\"Vorlagen &amp; mehr\" \/>\n<meta property=\"og:description\" content=\"Wann muss ich s\u00e4en? Welche Aufgaben hab ich das Balkonjahr \u00fcber? Hier findet ihr verschiedene Vorlagen und andere Downloads, die euch beim Balkong\u00e4rtnern helfen.\" \/>\n<meta property=\"og:url\" content=\"https:\/\/urban-gardening-blog.de\/Blog\/infothek\/vorlagen\/\" \/>\n<meta property=\"og:site_name\" content=\"Nettes Stadtgarten\" \/>\n<meta property=\"article:modified_time\" content=\"2025-01-07T09:20:21+00:00\" \/>\n<meta property=\"og:image\" content=\"https:\/\/urban-gardening-blog.de\/Blog\/wp-content\/uploads\/2017\/07\/Haufen-Erdbeeren.jpg\" \/>\n\t<meta property=\"og:image:width\" content=\"355\" \/>\n\t<meta property=\"og:image:height\" content=\"249\" \/>\n\t<meta property=\"og:image:type\" content=\"image\/jpeg\" \/>\n<meta name=\"twitter:card\" content=\"summary_large_image\" \/>\n<meta name=\"twitter:label1\" content=\"Gesch\u00e4tzte Lesezeit\" \/>\n\t<meta name=\"twitter:data1\" content=\"2\u00a0Minuten\" \/>\n<script type=\"application\/ld+json\" class=\"yoast-schema-graph\">{\"@context\":\"https:\/\/schema.org\",\"@graph\":[{\"@type\":\"WebPage\",\"@id\":\"https:\/\/urban-gardening-blog.de\/Blog\/infothek\/vorlagen\/\",\"url\":\"https:\/\/urban-gardening-blog.de\/Blog\/infothek\/vorlagen\/\",\"name\":\"Vorlagen & mehr - Nettes Stadtgarten\",\"isPartOf\":{\"@id\":\"https:\/\/urban-gardening-blog.de\/Blog\/#website\"},\"primaryImageOfPage\":{\"@id\":\"https:\/\/urban-gardening-blog.de\/Blog\/infothek\/vorlagen\/#primaryimage\"},\"image\":{\"@id\":\"https:\/\/urban-gardening-blog.de\/Blog\/infothek\/vorlagen\/#primaryimage\"},\"thumbnailUrl\":\"https:\/\/urban-gardening-blog.de\/Blog\/wp-content\/uploads\/2017\/07\/Haufen-Erdbeeren.jpg\",\"datePublished\":\"2016-04-25T18:04:50+00:00\",\"dateModified\":\"2025-01-07T09:20:21+00:00\",\"description\":\"Wann muss ich s\u00e4en? Welche Aufgaben hab ich das Balkonjahr \u00fcber? Hier findet ihr verschiedene Vorlagen und andere Downloads, die euch beim Balkong\u00e4rtnern helfen.\",\"breadcrumb\":{\"@id\":\"https:\/\/urban-gardening-blog.de\/Blog\/infothek\/vorlagen\/#breadcrumb\"},\"inLanguage\":\"de\",\"potentialAction\":[{\"@type\":\"ReadAction\",\"target\":[\"https:\/\/urban-gardening-blog.de\/Blog\/infothek\/vorlagen\/\"]}]},{\"@type\":\"ImageObject\",\"inLanguage\":\"de\",\"@id\":\"https:\/\/urban-gardening-blog.de\/Blog\/infothek\/vorlagen\/#primaryimage\",\"url\":\"https:\/\/urban-gardening-blog.de\/Blog\/wp-content\/uploads\/2017\/07\/Haufen-Erdbeeren.jpg\",\"contentUrl\":\"https:\/\/urban-gardening-blog.de\/Blog\/wp-content\/uploads\/2017\/07\/Haufen-Erdbeeren.jpg\",\"width\":355,\"height\":249},{\"@type\":\"BreadcrumbList\",\"@id\":\"https:\/\/urban-gardening-blog.de\/Blog\/infothek\/vorlagen\/#breadcrumb\",\"itemListElement\":[{\"@type\":\"ListItem\",\"position\":1,\"name\":\"Startseite\",\"item\":\"https:\/\/urban-gardening-blog.de\/Blog\/\"},{\"@type\":\"ListItem\",\"position\":2,\"name\":\"Infothek\",\"item\":\"https:\/\/urban-gardening-blog.de\/Blog\/infothek\/\"},{\"@type\":\"ListItem\",\"position\":3,\"name\":\"Vorlagen &#038; mehr\"}]},{\"@type\":\"WebSite\",\"@id\":\"https:\/\/urban-gardening-blog.de\/Blog\/#website\",\"url\":\"https:\/\/urban-gardening-blog.de\/Blog\/\",\"name\":\"Nettes Stadtgarten\",\"description\":\"\",\"publisher\":{\"@id\":\"https:\/\/urban-gardening-blog.de\/Blog\/#\/schema\/person\/c13187a6abcdab35fb6cc9632cb49b56\"},\"potentialAction\":[{\"@type\":\"SearchAction\",\"target\":{\"@type\":\"EntryPoint\",\"urlTemplate\":\"https:\/\/urban-gardening-blog.de\/Blog\/?s={search_term_string}\"},\"query-input\":{\"@type\":\"PropertyValueSpecification\",\"valueRequired\":true,\"valueName\":\"search_term_string\"}}],\"inLanguage\":\"de\"},{\"@type\":[\"Person\",\"Organization\"],\"@id\":\"https:\/\/urban-gardening-blog.de\/Blog\/#\/schema\/person\/c13187a6abcdab35fb6cc9632cb49b56\",\"name\":\"Nette\",\"image\":{\"@type\":\"ImageObject\",\"inLanguage\":\"de\",\"@id\":\"https:\/\/urban-gardening-blog.de\/Blog\/#\/schema\/person\/image\/\",\"url\":\"https:\/\/urban-gardening-blog.de\/Blog\/wp-content\/uploads\/2025\/01\/cropped-NSG_Logo_Neu.png\",\"contentUrl\":\"https:\/\/urban-gardening-blog.de\/Blog\/wp-content\/uploads\/2025\/01\/cropped-NSG_Logo_Neu.png\",\"width\":512,\"height\":512,\"caption\":\"Nette\"},\"logo\":{\"@id\":\"https:\/\/urban-gardening-blog.de\/Blog\/#\/schema\/person\/image\/\"}}]}<\/script>\n<!-- \/ Yoast SEO Premium plugin. -->","yoast_head_json":{"title":"Vorlagen & mehr - Nettes Stadtgarten","description":"Wann muss ich s\u00e4en? Welche Aufgaben hab ich das Balkonjahr \u00fcber? Hier findet ihr verschiedene Vorlagen und andere Downloads, die euch beim Balkong\u00e4rtnern helfen.","robots":{"index":"index","follow":"follow","max-snippet":"max-snippet:-1","max-image-preview":"max-image-preview:large","max-video-preview":"max-video-preview:-1"},"canonical":"https:\/\/urban-gardening-blog.de\/Blog\/infothek\/vorlagen\/","og_locale":"de_DE","og_type":"article","og_title":"Vorlagen & mehr","og_description":"Wann muss ich s\u00e4en? Welche Aufgaben hab ich das Balkonjahr \u00fcber? Hier findet ihr verschiedene Vorlagen und andere Downloads, die euch beim Balkong\u00e4rtnern helfen.","og_url":"https:\/\/urban-gardening-blog.de\/Blog\/infothek\/vorlagen\/","og_site_name":"Nettes Stadtgarten","article_modified_time":"2025-01-07T09:20:21+00:00","og_image":[{"width":355,"height":249,"url":"https:\/\/urban-gardening-blog.de\/Blog\/wp-content\/uploads\/2017\/07\/Haufen-Erdbeeren.jpg","type":"image\/jpeg"}],"twitter_card":"summary_large_image","twitter_misc":{"Gesch\u00e4tzte Lesezeit":"2\u00a0Minuten"},"schema":{"@context":"https:\/\/schema.org","@graph":[{"@type":"WebPage","@id":"https:\/\/urban-gardening-blog.de\/Blog\/infothek\/vorlagen\/","url":"https:\/\/urban-gardening-blog.de\/Blog\/infothek\/vorlagen\/","name":"Vorlagen & mehr - Nettes Stadtgarten","isPartOf":{"@id":"https:\/\/urban-gardening-blog.de\/Blog\/#website"},"primaryImageOfPage":{"@id":"https:\/\/urban-gardening-blog.de\/Blog\/infothek\/vorlagen\/#primaryimage"},"image":{"@id":"https:\/\/urban-gardening-blog.de\/Blog\/infothek\/vorlagen\/#primaryimage"},"thumbnailUrl":"https:\/\/urban-gardening-blog.de\/Blog\/wp-content\/uploads\/2017\/07\/Haufen-Erdbeeren.jpg","datePublished":"2016-04-25T18:04:50+00:00","dateModified":"2025-01-07T09:20:21+00:00","description":"Wann muss ich s\u00e4en? Welche Aufgaben hab ich das Balkonjahr \u00fcber? Hier findet ihr verschiedene Vorlagen und andere Downloads, die euch beim Balkong\u00e4rtnern helfen.","breadcrumb":{"@id":"https:\/\/urban-gardening-blog.de\/Blog\/infothek\/vorlagen\/#breadcrumb"},"inLanguage":"de","potentialAction":[{"@type":"ReadAction","target":["https:\/\/urban-gardening-blog.de\/Blog\/infothek\/vorlagen\/"]}]},{"@type":"ImageObject","inLanguage":"de","@id":"https:\/\/urban-gardening-blog.de\/Blog\/infothek\/vorlagen\/#primaryimage","url":"https:\/\/urban-gardening-blog.de\/Blog\/wp-content\/uploads\/2017\/07\/Haufen-Erdbeeren.jpg","contentUrl":"https:\/\/urban-gardening-blog.de\/Blog\/wp-content\/uploads\/2017\/07\/Haufen-Erdbeeren.jpg","width":355,"height":249},{"@type":"BreadcrumbList","@id":"https:\/\/urban-gardening-blog.de\/Blog\/infothek\/vorlagen\/#breadcrumb","itemListElement":[{"@type":"ListItem","position":1,"name":"Startseite","item":"https:\/\/urban-gardening-blog.de\/Blog\/"},{"@type":"ListItem","position":2,"name":"Infothek","item":"https:\/\/urban-gardening-blog.de\/Blog\/infothek\/"},{"@type":"ListItem","position":3,"name":"Vorlagen &#038; mehr"}]},{"@type":"WebSite","@id":"https:\/\/urban-gardening-blog.de\/Blog\/#website","url":"https:\/\/urban-gardening-blog.de\/Blog\/","name":"Nettes Stadtgarten","description":"","publisher":{"@id":"https:\/\/urban-gardening-blog.de\/Blog\/#\/schema\/person\/c13187a6abcdab35fb6cc9632cb49b56"},"potentialAction":[{"@type":"SearchAction","target":{"@type":"EntryPoint","urlTemplate":"https:\/\/urban-gardening-blog.de\/Blog\/?s={search_term_string}"},"query-input":{"@type":"PropertyValueSpecification","valueRequired":true,"valueName":"search_term_string"}}],"inLanguage":"de"},{"@type":["Person","Organization"],"@id":"https:\/\/urban-gardening-blog.de\/Blog\/#\/schema\/person\/c13187a6abcdab35fb6cc9632cb49b56","name":"Nette","image":{"@type":"ImageObject","inLanguage":"de","@id":"https:\/\/urban-gardening-blog.de\/Blog\/#\/schema\/person\/image\/","url":"https:\/\/urban-gardening-blog.de\/Blog\/wp-content\/uploads\/2025\/01\/cropped-NSG_Logo_Neu.png","contentUrl":"https:\/\/urban-gardening-blog.de\/Blog\/wp-content\/uploads\/2025\/01\/cropped-NSG_Logo_Neu.png","width":512,"height":512,"caption":"Nette"},"logo":{"@id":"https:\/\/urban-gardening-blog.de\/Blog\/#\/schema\/person\/image\/"}}]}},"_links":{"self":[{"href":"https:\/\/urban-gardening-blog.de\/Blog\/wp-json\/wp\/v2\/pages\/53","targetHints":{"allow":["GET"]}}],"collection":[{"href":"https:\/\/urban-gardening-blog.de\/Blog\/wp-json\/wp\/v2\/pages"}],"about":[{"href":"https:\/\/urban-gardening-blog.de\/Blog\/wp-json\/wp\/v2\/types\/page"}],"author":[{"embeddable":true,"href":"https:\/\/urban-gardening-blog.de\/Blog\/wp-json\/wp\/v2\/users\/1"}],"replies":[{"embeddable":true,"href":"https:\/\/urban-gardening-blog.de\/Blog\/wp-json\/wp\/v2\/comments?post=53"}],"version-history":[{"count":1,"href":"https:\/\/urban-gardening-blog.de\/Blog\/wp-json\/wp\/v2\/pages\/53\/revisions"}],"predecessor-version":[{"id":2810,"href":"https:\/\/urban-gardening-blog.de\/Blog\/wp-json\/wp\/v2\/pages\/53\/revisions\/2810"}],"up":[{"embeddable":true,"href":"https:\/\/urban-gardening-blog.de\/Blog\/wp-json\/wp\/v2\/pages\/51"}],"wp:attachment":[{"href":"https:\/\/urban-gardening-blog.de\/Blog\/wp-json\/wp\/v2\/media?parent=53"}],"curies":[{"name":"wp","href":"https:\/\/api.w.org\/{rel}","templated":true}]}}