{"id":51,"date":"2016-04-25T19:57:07","date_gmt":"2016-04-25T17:57:07","guid":{"rendered":"http:\/\/urban-gardening-blog.de\/Blog\/?page_id=51"},"modified":"2025-11-25T14:10:39","modified_gmt":"2025-11-25T13:10:39","slug":"infothek","status":"publish","type":"page","link":"https:\/\/urban-gardening-blog.de\/Blog\/infothek\/","title":{"rendered":"Infothek"},"content":{"rendered":"<p>Hier in meiner Infothek findet ihr allerlei N\u00fctzliches, wie zum Beispiel meinen Pflanzkalender (speziell zugeschnitten auf Stadtg\u00e4rtner ohne Garten), Rezepte und so einiges mehr.<\/p>\n<p>Schaut gleich mal in den verschiedenen Rubriken vorbei:<\/p>\n<ul>\n<li><a href=\"https:\/\/urban-gardening-blog.de\/Blog\/infothek\/rezepte\/\">Rezepte<\/a><\/li>\n<li><a href=\"https:\/\/urban-gardening-blog.de\/Blog\/infothek\/literatur\/\">Literatur<\/a><\/li>\n<li><a href=\"https:\/\/urban-gardening-blog.de\/Blog\/infothek\/links\/\">Linksammlung<\/a><\/li>\n<li><a href=\"https:\/\/urban-gardening-blog.de\/Blog\/infothek\/diy-anleitungen\/\">DIY Anleitungen<\/a><\/li>\n<li><a href=\"https:\/\/urban-gardening-blog.de\/Blog\/infothek\/vorlagen\/\">Vorlagen &amp; mehr<\/a><\/li>\n<\/ul>\n<p>\u00a0<\/p>\n<p>Ich erweitere diesen Bereich auch weiterhin kontinuierlich um euch noch viel mehr Infos, Tipps &amp; Tricks zur Verf\u00fcgung zu stellen. Schaut doch ab und an mal rein was es Neues gibt.<\/p>\n\n\n<figure class=\"wp-block-gallery has-nested-images columns-default is-cropped wp-block-gallery-1 is-layout-flex wp-block-gallery-is-layout-flex\">\n<figure class=\"wp-block-image size-large\"><img loading=\"lazy\" decoding=\"async\" width=\"1024\" height=\"763\" data-id=\"1714\" src=\"https:\/\/urban-gardening-blog.de\/Blog\/wp-content\/uploads\/2021\/05\/Milchtueten-Upcycling_fertig-1024x763.jpg\" alt=\"\" class=\"wp-image-1714\" srcset=\"https:\/\/urban-gardening-blog.de\/Blog\/wp-content\/uploads\/2021\/05\/Milchtueten-Upcycling_fertig-1024x763.jpg 1024w, https:\/\/urban-gardening-blog.de\/Blog\/wp-content\/uploads\/2021\/05\/Milchtueten-Upcycling_fertig-300x223.jpg 300w, https:\/\/urban-gardening-blog.de\/Blog\/wp-content\/uploads\/2021\/05\/Milchtueten-Upcycling_fertig-768x572.jpg 768w, https:\/\/urban-gardening-blog.de\/Blog\/wp-content\/uploads\/2021\/05\/Milchtueten-Upcycling_fertig-1536x1144.jpg 1536w, https:\/\/urban-gardening-blog.de\/Blog\/wp-content\/uploads\/2021\/05\/Milchtueten-Upcycling_fertig-2048x1525.jpg 2048w\" sizes=\"auto, (max-width: 1024px) 100vw, 1024px\" \/><\/figure>\n\n\n\n<figure class=\"wp-block-image size-large\"><img loading=\"lazy\" decoding=\"async\" width=\"1024\" height=\"1024\" data-id=\"3066\" src=\"https:\/\/urban-gardening-blog.de\/Blog\/wp-content\/uploads\/2025\/11\/Buch-Mock-up-Nettes-Kochbuch-1024x1024.png\" alt=\"\" class=\"wp-image-3066\" srcset=\"https:\/\/urban-gardening-blog.de\/Blog\/wp-content\/uploads\/2025\/11\/Buch-Mock-up-Nettes-Kochbuch-1024x1024.png 1024w, https:\/\/urban-gardening-blog.de\/Blog\/wp-content\/uploads\/2025\/11\/Buch-Mock-up-Nettes-Kochbuch-300x300.png 300w, https:\/\/urban-gardening-blog.de\/Blog\/wp-content\/uploads\/2025\/11\/Buch-Mock-up-Nettes-Kochbuch-150x150.png 150w, https:\/\/urban-gardening-blog.de\/Blog\/wp-content\/uploads\/2025\/11\/Buch-Mock-up-Nettes-Kochbuch-768x768.png 768w, https:\/\/urban-gardening-blog.de\/Blog\/wp-content\/uploads\/2025\/11\/Buch-Mock-up-Nettes-Kochbuch-144x144.png 144w, https:\/\/urban-gardening-blog.de\/Blog\/wp-content\/uploads\/2025\/11\/Buch-Mock-up-Nettes-Kochbuch.png 1080w\" sizes=\"auto, (max-width: 1024px) 100vw, 1024px\" \/><\/figure>\n\n\n\n<figure class=\"wp-block-image size-large\"><img loading=\"lazy\" decoding=\"async\" width=\"1024\" height=\"768\" data-id=\"2597\" src=\"https:\/\/urban-gardening-blog.de\/Blog\/wp-content\/uploads\/2023\/08\/Feldsalat-und-Spinat-Samen-1024x768.jpg\" alt=\"Sament\u00fcten\" class=\"wp-image-2597\" srcset=\"https:\/\/urban-gardening-blog.de\/Blog\/wp-content\/uploads\/2023\/08\/Feldsalat-und-Spinat-Samen-1024x768.jpg 1024w, https:\/\/urban-gardening-blog.de\/Blog\/wp-content\/uploads\/2023\/08\/Feldsalat-und-Spinat-Samen-300x225.jpg 300w, https:\/\/urban-gardening-blog.de\/Blog\/wp-content\/uploads\/2023\/08\/Feldsalat-und-Spinat-Samen-768x576.jpg 768w, https:\/\/urban-gardening-blog.de\/Blog\/wp-content\/uploads\/2023\/08\/Feldsalat-und-Spinat-Samen-1536x1152.jpg 1536w, https:\/\/urban-gardening-blog.de\/Blog\/wp-content\/uploads\/2023\/08\/Feldsalat-und-Spinat-Samen-2048x1536.jpg 2048w\" sizes=\"auto, (max-width: 1024px) 100vw, 1024px\" \/><\/figure>\n<\/figure>\n","protected":false},"excerpt":{"rendered":"<p>Hier in meiner Infothek findet ihr allerlei N\u00fctzliches, wie zum Beispiel meinen Pflanzkalender (speziell zugeschnitten auf Stadtg\u00e4rtner ohne Garten), Rezepte und so einiges mehr. Schaut gleich mal in den verschiedenen Rubriken vorbei: Rezepte Literatur Linksammlung DIY Anleitungen Vorlagen &amp; mehr \u00a0 Ich erweitere diesen Bereich auch weiterhin kontinuierlich um euch noch viel mehr Infos, Tipps <a class=\"continue\" href=\"https:\/\/urban-gardening-blog.de\/Blog\/infothek\/\">[Continue]<\/a><\/p>\n","protected":false},"author":1,"featured_media":0,"parent":0,"menu_order":0,"comment_status":"closed","ping_status":"closed","template":"","meta":{"_lmt_disableupdate":"no","_lmt_disable":"","footnotes":"","_wp_rev_ctl_limit":""},"class_list":["post-51","page","type-page","status-publish","hentry"],"yoast_head":"<!-- This site is optimized with the Yoast SEO Premium plugin v26.4 (Yoast SEO v26.8) - https:\/\/yoast.com\/product\/yoast-seo-premium-wordpress\/ -->\n<title>Infothek - Nettes Stadtgarten<\/title>\n<meta name=\"description\" content=\"Hier in meiner Infothek gibt es DIY-Anleitungen, Rezepte und vieles mehr rund um Balkon und G\u00e4rtnern. Reinschauen und nachmachen ausdr\u00fccklich erw\u00fcnscht.\" \/>\n<meta name=\"robots\" content=\"index, follow, max-snippet:-1, max-image-preview:large, max-video-preview:-1\" \/>\n<link rel=\"canonical\" href=\"https:\/\/urban-gardening-blog.de\/Blog\/infothek\/\" \/>\n<meta property=\"og:locale\" content=\"de_DE\" \/>\n<meta property=\"og:type\" content=\"article\" \/>\n<meta property=\"og:title\" content=\"Infothek\" \/>\n<meta property=\"og:description\" content=\"Hier in meiner Infothek gibt es DIY-Anleitungen, Rezepte und vieles mehr rund um Balkon und G\u00e4rtnern. Reinschauen und nachmachen ausdr\u00fccklich erw\u00fcnscht.\" \/>\n<meta property=\"og:url\" content=\"https:\/\/urban-gardening-blog.de\/Blog\/infothek\/\" \/>\n<meta property=\"og:site_name\" content=\"Nettes Stadtgarten\" \/>\n<meta property=\"article:modified_time\" content=\"2025-11-25T13:10:39+00:00\" \/>\n<meta property=\"og:image\" content=\"https:\/\/urban-gardening-blog.de\/Blog\/wp-content\/uploads\/2021\/05\/Milchtueten-Upcycling_fertig-scaled.jpg\" \/>\n\t<meta property=\"og:image:width\" content=\"2560\" \/>\n\t<meta property=\"og:image:height\" content=\"1906\" \/>\n\t<meta property=\"og:image:type\" content=\"image\/jpeg\" \/>\n<meta name=\"twitter:card\" content=\"summary_large_image\" \/>\n<meta name=\"twitter:label1\" content=\"Gesch\u00e4tzte Lesezeit\" \/>\n\t<meta name=\"twitter:data1\" content=\"1\u00a0Minute\" \/>\n<script type=\"application\/ld+json\" class=\"yoast-schema-graph\">{\"@context\":\"https:\/\/schema.org\",\"@graph\":[{\"@type\":\"WebPage\",\"@id\":\"https:\/\/urban-gardening-blog.de\/Blog\/infothek\/\",\"url\":\"https:\/\/urban-gardening-blog.de\/Blog\/infothek\/\",\"name\":\"Infothek - Nettes Stadtgarten\",\"isPartOf\":{\"@id\":\"https:\/\/urban-gardening-blog.de\/Blog\/#website\"},\"primaryImageOfPage\":{\"@id\":\"https:\/\/urban-gardening-blog.de\/Blog\/infothek\/#primaryimage\"},\"image\":{\"@id\":\"https:\/\/urban-gardening-blog.de\/Blog\/infothek\/#primaryimage\"},\"thumbnailUrl\":\"https:\/\/urban-gardening-blog.de\/Blog\/wp-content\/uploads\/2021\/05\/Milchtueten-Upcycling_fertig-1024x763.jpg\",\"datePublished\":\"2016-04-25T17:57:07+00:00\",\"dateModified\":\"2025-11-25T13:10:39+00:00\",\"description\":\"Hier in meiner Infothek gibt es DIY-Anleitungen, Rezepte und vieles mehr rund um Balkon und G\u00e4rtnern. Reinschauen und nachmachen ausdr\u00fccklich erw\u00fcnscht.\",\"breadcrumb\":{\"@id\":\"https:\/\/urban-gardening-blog.de\/Blog\/infothek\/#breadcrumb\"},\"inLanguage\":\"de\",\"potentialAction\":[{\"@type\":\"ReadAction\",\"target\":[\"https:\/\/urban-gardening-blog.de\/Blog\/infothek\/\"]}]},{\"@type\":\"ImageObject\",\"inLanguage\":\"de\",\"@id\":\"https:\/\/urban-gardening-blog.de\/Blog\/infothek\/#primaryimage\",\"url\":\"https:\/\/urban-gardening-blog.de\/Blog\/wp-content\/uploads\/2021\/05\/Milchtueten-Upcycling_fertig-1024x763.jpg\",\"contentUrl\":\"https:\/\/urban-gardening-blog.de\/Blog\/wp-content\/uploads\/2021\/05\/Milchtueten-Upcycling_fertig-1024x763.jpg\"},{\"@type\":\"BreadcrumbList\",\"@id\":\"https:\/\/urban-gardening-blog.de\/Blog\/infothek\/#breadcrumb\",\"itemListElement\":[{\"@type\":\"ListItem\",\"position\":1,\"name\":\"Startseite\",\"item\":\"https:\/\/urban-gardening-blog.de\/Blog\/\"},{\"@type\":\"ListItem\",\"position\":2,\"name\":\"Infothek\"}]},{\"@type\":\"WebSite\",\"@id\":\"https:\/\/urban-gardening-blog.de\/Blog\/#website\",\"url\":\"https:\/\/urban-gardening-blog.de\/Blog\/\",\"name\":\"Nettes Stadtgarten\",\"description\":\"\",\"publisher\":{\"@id\":\"https:\/\/urban-gardening-blog.de\/Blog\/#\/schema\/person\/c13187a6abcdab35fb6cc9632cb49b56\"},\"potentialAction\":[{\"@type\":\"SearchAction\",\"target\":{\"@type\":\"EntryPoint\",\"urlTemplate\":\"https:\/\/urban-gardening-blog.de\/Blog\/?s={search_term_string}\"},\"query-input\":{\"@type\":\"PropertyValueSpecification\",\"valueRequired\":true,\"valueName\":\"search_term_string\"}}],\"inLanguage\":\"de\"},{\"@type\":[\"Person\",\"Organization\"],\"@id\":\"https:\/\/urban-gardening-blog.de\/Blog\/#\/schema\/person\/c13187a6abcdab35fb6cc9632cb49b56\",\"name\":\"Nette\",\"image\":{\"@type\":\"ImageObject\",\"inLanguage\":\"de\",\"@id\":\"https:\/\/urban-gardening-blog.de\/Blog\/#\/schema\/person\/image\/\",\"url\":\"https:\/\/urban-gardening-blog.de\/Blog\/wp-content\/uploads\/2025\/01\/cropped-NSG_Logo_Neu.png\",\"contentUrl\":\"https:\/\/urban-gardening-blog.de\/Blog\/wp-content\/uploads\/2025\/01\/cropped-NSG_Logo_Neu.png\",\"width\":512,\"height\":512,\"caption\":\"Nette\"},\"logo\":{\"@id\":\"https:\/\/urban-gardening-blog.de\/Blog\/#\/schema\/person\/image\/\"}}]}<\/script>\n<!-- \/ Yoast SEO Premium plugin. -->","yoast_head_json":{"title":"Infothek - Nettes Stadtgarten","description":"Hier in meiner Infothek gibt es DIY-Anleitungen, Rezepte und vieles mehr rund um Balkon und G\u00e4rtnern. Reinschauen und nachmachen ausdr\u00fccklich erw\u00fcnscht.","robots":{"index":"index","follow":"follow","max-snippet":"max-snippet:-1","max-image-preview":"max-image-preview:large","max-video-preview":"max-video-preview:-1"},"canonical":"https:\/\/urban-gardening-blog.de\/Blog\/infothek\/","og_locale":"de_DE","og_type":"article","og_title":"Infothek","og_description":"Hier in meiner Infothek gibt es DIY-Anleitungen, Rezepte und vieles mehr rund um Balkon und G\u00e4rtnern. Reinschauen und nachmachen ausdr\u00fccklich erw\u00fcnscht.","og_url":"https:\/\/urban-gardening-blog.de\/Blog\/infothek\/","og_site_name":"Nettes Stadtgarten","article_modified_time":"2025-11-25T13:10:39+00:00","og_image":[{"width":2560,"height":1906,"url":"https:\/\/urban-gardening-blog.de\/Blog\/wp-content\/uploads\/2021\/05\/Milchtueten-Upcycling_fertig-scaled.jpg","type":"image\/jpeg"}],"twitter_card":"summary_large_image","twitter_misc":{"Gesch\u00e4tzte Lesezeit":"1\u00a0Minute"},"schema":{"@context":"https:\/\/schema.org","@graph":[{"@type":"WebPage","@id":"https:\/\/urban-gardening-blog.de\/Blog\/infothek\/","url":"https:\/\/urban-gardening-blog.de\/Blog\/infothek\/","name":"Infothek - Nettes Stadtgarten","isPartOf":{"@id":"https:\/\/urban-gardening-blog.de\/Blog\/#website"},"primaryImageOfPage":{"@id":"https:\/\/urban-gardening-blog.de\/Blog\/infothek\/#primaryimage"},"image":{"@id":"https:\/\/urban-gardening-blog.de\/Blog\/infothek\/#primaryimage"},"thumbnailUrl":"https:\/\/urban-gardening-blog.de\/Blog\/wp-content\/uploads\/2021\/05\/Milchtueten-Upcycling_fertig-1024x763.jpg","datePublished":"2016-04-25T17:57:07+00:00","dateModified":"2025-11-25T13:10:39+00:00","description":"Hier in meiner Infothek gibt es DIY-Anleitungen, Rezepte und vieles mehr rund um Balkon und G\u00e4rtnern. Reinschauen und nachmachen ausdr\u00fccklich erw\u00fcnscht.","breadcrumb":{"@id":"https:\/\/urban-gardening-blog.de\/Blog\/infothek\/#breadcrumb"},"inLanguage":"de","potentialAction":[{"@type":"ReadAction","target":["https:\/\/urban-gardening-blog.de\/Blog\/infothek\/"]}]},{"@type":"ImageObject","inLanguage":"de","@id":"https:\/\/urban-gardening-blog.de\/Blog\/infothek\/#primaryimage","url":"https:\/\/urban-gardening-blog.de\/Blog\/wp-content\/uploads\/2021\/05\/Milchtueten-Upcycling_fertig-1024x763.jpg","contentUrl":"https:\/\/urban-gardening-blog.de\/Blog\/wp-content\/uploads\/2021\/05\/Milchtueten-Upcycling_fertig-1024x763.jpg"},{"@type":"BreadcrumbList","@id":"https:\/\/urban-gardening-blog.de\/Blog\/infothek\/#breadcrumb","itemListElement":[{"@type":"ListItem","position":1,"name":"Startseite","item":"https:\/\/urban-gardening-blog.de\/Blog\/"},{"@type":"ListItem","position":2,"name":"Infothek"}]},{"@type":"WebSite","@id":"https:\/\/urban-gardening-blog.de\/Blog\/#website","url":"https:\/\/urban-gardening-blog.de\/Blog\/","name":"Nettes Stadtgarten","description":"","publisher":{"@id":"https:\/\/urban-gardening-blog.de\/Blog\/#\/schema\/person\/c13187a6abcdab35fb6cc9632cb49b56"},"potentialAction":[{"@type":"SearchAction","target":{"@type":"EntryPoint","urlTemplate":"https:\/\/urban-gardening-blog.de\/Blog\/?s={search_term_string}"},"query-input":{"@type":"PropertyValueSpecification","valueRequired":true,"valueName":"search_term_string"}}],"inLanguage":"de"},{"@type":["Person","Organization"],"@id":"https:\/\/urban-gardening-blog.de\/Blog\/#\/schema\/person\/c13187a6abcdab35fb6cc9632cb49b56","name":"Nette","image":{"@type":"ImageObject","inLanguage":"de","@id":"https:\/\/urban-gardening-blog.de\/Blog\/#\/schema\/person\/image\/","url":"https:\/\/urban-gardening-blog.de\/Blog\/wp-content\/uploads\/2025\/01\/cropped-NSG_Logo_Neu.png","contentUrl":"https:\/\/urban-gardening-blog.de\/Blog\/wp-content\/uploads\/2025\/01\/cropped-NSG_Logo_Neu.png","width":512,"height":512,"caption":"Nette"},"logo":{"@id":"https:\/\/urban-gardening-blog.de\/Blog\/#\/schema\/person\/image\/"}}]}},"_links":{"self":[{"href":"https:\/\/urban-gardening-blog.de\/Blog\/wp-json\/wp\/v2\/pages\/51","targetHints":{"allow":["GET"]}}],"collection":[{"href":"https:\/\/urban-gardening-blog.de\/Blog\/wp-json\/wp\/v2\/pages"}],"about":[{"href":"https:\/\/urban-gardening-blog.de\/Blog\/wp-json\/wp\/v2\/types\/page"}],"author":[{"embeddable":true,"href":"https:\/\/urban-gardening-blog.de\/Blog\/wp-json\/wp\/v2\/users\/1"}],"replies":[{"embeddable":true,"href":"https:\/\/urban-gardening-blog.de\/Blog\/wp-json\/wp\/v2\/comments?post=51"}],"version-history":[{"count":10,"href":"https:\/\/urban-gardening-blog.de\/Blog\/wp-json\/wp\/v2\/pages\/51\/revisions"}],"predecessor-version":[{"id":3069,"href":"https:\/\/urban-gardening-blog.de\/Blog\/wp-json\/wp\/v2\/pages\/51\/revisions\/3069"}],"wp:attachment":[{"href":"https:\/\/urban-gardening-blog.de\/Blog\/wp-json\/wp\/v2\/media?parent=51"}],"curies":[{"name":"wp","href":"https:\/\/api.w.org\/{rel}","templated":true}]}}