{"id":5,"date":"2016-04-07T16:27:09","date_gmt":"2016-04-07T14:27:09","guid":{"rendered":"http:\/\/urban-gardening-blog.de\/Blog\/?page_id=5"},"modified":"2025-12-31T12:49:38","modified_gmt":"2025-12-31T11:49:38","slug":"ueber-nette","status":"publish","type":"page","link":"https:\/\/urban-gardening-blog.de\/Blog\/ueber-nette\/","title":{"rendered":"Alles \u00dcber Nette"},"content":{"rendered":"\n<figure class=\"wp-block-image size-large\"><img loading=\"lazy\" decoding=\"async\" width=\"1024\" height=\"394\" src=\"https:\/\/urban-gardening-blog.de\/Blog\/wp-content\/uploads\/2025\/01\/IMG_1487-1024x394.jpeg\" alt=\"Dachgarten\" class=\"wp-image-2860\" srcset=\"https:\/\/urban-gardening-blog.de\/Blog\/wp-content\/uploads\/2025\/01\/IMG_1487-1024x394.jpeg 1024w, https:\/\/urban-gardening-blog.de\/Blog\/wp-content\/uploads\/2025\/01\/IMG_1487-300x116.jpeg 300w, https:\/\/urban-gardening-blog.de\/Blog\/wp-content\/uploads\/2025\/01\/IMG_1487-768x296.jpeg 768w, https:\/\/urban-gardening-blog.de\/Blog\/wp-content\/uploads\/2025\/01\/IMG_1487-1536x591.jpeg 1536w\" sizes=\"auto, (max-width: 1024px) 100vw, 1024px\" \/><\/figure>\n\n\n\n<p>G\u00e4rtnern \u00fcber den D\u00e4chern von M\u00fcnchen<\/p>\n\n\n\n<p><\/p>\n\n\n\n<p>Hallo ihr Lieben, <\/p>\n\n\n\n<p>sch\u00f6n dass ihr meine Seite gefunden habt.<\/p>\n\n\n\n<p>Ich hei\u00dfe Annette, bin Apothekerin und passionierte G\u00e4rtnerin. Und ich m\u00f6chte dir und deiner Familie mit meinen Wissen helfen nat\u00fcrlicher zu leben. Egal ob Infos zum (Balkon-)g\u00e4rtnern, Kochrezepte oder naturheilkundliche Tipps, all das findet ich bei mir.<\/p>\n\n\n\n<p>Ihr kennt das sicher: Man hat als Ziel gesund und im Einklang mit der Natur leben, aber man wei\u00df nicht wie (vor allem auf engem Raum in der Stadt). Und h\u00e4ufig hat man auch einfach nicht so viel Zeit im stressigen und chaotischen Familienalltag.<\/p>\n\n\n\n<p>Ich m\u00f6chte euch dabei helfen eurem Ziel n\u00e4her zu kommen, und das familien- und alltagstauglich. Denn auch ich stehe jeden Tag wieder vor dieser Herausforderung. Und habe mir schon einiges an Strategien und Wissen zugelegt um diese zu meistern.<\/p>\n\n\n\n<p>Schon als Kind liebte ich es meiner Mutter im Garten zu helfen und mich durch Erde und Gr\u00fcn zu w\u00fchlen (wenn auch eher mit kindlichem Unwissen). Da ich inzwischen nun mal Berufs-bedingt ohne Garten in der Stadt wohne, stellen sich da einige Probleme \u2013 und denen wollte ich mich stellen, denn mein Credo ist: es gibt keine Probleme, nur Herausforderungen. Also wurde erstmal getestet was alles so in den verschiedenen Gef\u00e4\u00dfen w\u00e4chst und alle verf\u00fcgbaren Pl\u00e4tze auf unserem Balkon und Dachterrasse bepflanzt.<\/p>\n\n\n\n<p>Meine beiden Kids haben mich zu gebracht mich zus\u00e4tzlich intensiv mit Ern\u00e4hrung, eigener Nahrungsherstellun,  Naturheilkunde und klimafreundlicherem Leben zu besch\u00e4ftigen. F\u00fcr meine Familie und mich m\u00f6chte ich m\u00f6glichst viel selber machen, alles m\u00f6glichst nat\u00fcrlich und saisonal! Also die n\u00e4chste Herausforderung die es zu meistern galt: die verf\u00fcgbaren Pl\u00e4tze auf Balkon und Dachterrasse sollten nicht nur h\u00fcbsch sondern auch n\u00fctzlich gemacht werden.<\/p>\n\n\n\n<p>Aber das ist doch alles so aufwendig \u2013 oder nicht? Nein, muss es nicht. Deshalb habe ich Strategien und M\u00f6glichkeiten gesucht, mit Hilfe derer das auch vom Aufwand her \u201enebenbei\u201c zu schaffen ist. Und so dass es viel Spa\u00df macht und die ganze Familie mitmachen will. Denn: die beste Ern\u00e4hrung und die heilsamsten Kr\u00e4uter helfen bekanntlich nicht so viel wenn wir im Dauerstress sind.<\/p>\n\n\n\n<p>All das hat zum Aufbau meines Blogs gef\u00fchrt: f\u00fcr mich als Nachschlagewerk und um mein Wissen mit euch zu teilen. Daf\u00fcr bilde ich mich auch st\u00e4ndig weiter und habe untern anderem eine Weiterbildung im Bereich Naturheilkunde abgeschlossen.<\/p>\n\n\n\n<p>Ich hoffe ihr habt an meinem Blog genauso viel Freude wie ich, findet interessante Infos und besucht mich bald wieder.<br>Am besten ihr holt euch gleich meinen Newsletter, damit ihr keine Neuigkeiten mehr von mir verpasst &#8211; <a href=\"https:\/\/urban-gardening-blog.de\/Blog\/newsletter-anmeldung\/\" target=\"_blank\" rel=\"noreferrer noopener\">hier geht&#8217;s zum Newsletter.<\/a><\/p>\n\n\n\n<p>Auf bald!<\/p>\n\n\n\n<p>Eure Annette<\/p>\n\n\n\n<figure class=\"wp-block-image size-medium is-style-default\"><img loading=\"lazy\" decoding=\"async\" width=\"300\" height=\"259\" src=\"https:\/\/urban-gardening-blog.de\/Blog\/wp-content\/uploads\/2025\/01\/Untitled-design-300x259.jpeg\" alt=\"\" class=\"wp-image-2859\" srcset=\"https:\/\/urban-gardening-blog.de\/Blog\/wp-content\/uploads\/2025\/01\/Untitled-design-300x259.jpeg 300w, https:\/\/urban-gardening-blog.de\/Blog\/wp-content\/uploads\/2025\/01\/Untitled-design.jpeg 653w\" sizes=\"auto, (max-width: 300px) 100vw, 300px\" \/><\/figure>\n\n\n\n<p><em><strong><span class=\"has-inline-color has-vivid-green-cyan-color\">F\u00fcr euch zur Info:<\/span><\/strong><\/em> Meine Seite enth\u00e4lt Affiliate Links &#8211; wenn ihr \u00fcber diese Links bestellt erhalte ich eine kleine Verg\u00fctung, die mir hilft die Kosten f\u00fcr meinen Blog zu tragen. Und diesen so auch weiter betreiben zu k\u00f6nnen. Euch kostet das keinen Cent mehr. Danke f\u00fcr eure Unterst\u00fctzung!<\/p>\n\n\n\n<figure class=\"wp-block-image is-resized\"><img decoding=\"async\" src=\"https:\/\/www.awin1.com\/cshow.php?s=2545041&amp;v=14158&amp;q=377601&amp;r=991263\" alt=\"\" style=\"width:546px;height:68px\"\/><\/figure>\n\n\n\n<p><a href=\"https:\/\/www.awin1.com\/cread.php?s=2545041&amp;v=14158&amp;q=377601&amp;r=991263\"><\/a><\/p>\n","protected":false},"excerpt":{"rendered":"<p>G\u00e4rtnern \u00fcber den D\u00e4chern von M\u00fcnchen Hallo ihr Lieben, sch\u00f6n dass ihr meine Seite gefunden habt. Ich hei\u00dfe Annette, bin Apothekerin und passionierte G\u00e4rtnerin. Und ich m\u00f6chte dir und deiner Familie mit meinen Wissen helfen nat\u00fcrlicher zu leben. Egal ob Infos zum (Balkon-)g\u00e4rtnern, Kochrezepte oder naturheilkundliche Tipps, all das findet ich bei mir. Ihr kennt <a class=\"continue\" href=\"https:\/\/urban-gardening-blog.de\/Blog\/ueber-nette\/\">[Continue]<\/a><\/p>\n","protected":false},"author":1,"featured_media":0,"parent":0,"menu_order":0,"comment_status":"closed","ping_status":"closed","template":"","meta":{"_lmt_disableupdate":"no","_lmt_disable":"","footnotes":"","_wp_rev_ctl_limit":""},"class_list":["post-5","page","type-page","status-publish","hentry"],"yoast_head":"<!-- This site is optimized with the Yoast SEO Premium plugin v26.4 (Yoast SEO v26.8) - https:\/\/yoast.com\/product\/yoast-seo-premium-wordpress\/ -->\n<title>Alles \u00dcber Nette - Nettes Stadtgarten<\/title>\n<meta name=\"description\" content=\"Ihr wollte wissen was euch bei mir erwartet und wieso ich euch helfen kann beim G\u00e4rtnern, Kochen oder in der Naturheilkunde? Schaut vorbei!\" \/>\n<meta name=\"robots\" content=\"index, follow, max-snippet:-1, max-image-preview:large, max-video-preview:-1\" \/>\n<link rel=\"canonical\" href=\"https:\/\/urban-gardening-blog.de\/Blog\/ueber-nette\/\" \/>\n<meta property=\"og:locale\" content=\"de_DE\" \/>\n<meta property=\"og:type\" content=\"article\" \/>\n<meta property=\"og:title\" content=\"Alles \u00dcber Nette\" \/>\n<meta property=\"og:description\" content=\"Ihr wollte wissen was euch bei mir erwartet und wieso ich euch helfen kann beim G\u00e4rtnern, Kochen oder in der Naturheilkunde? Schaut vorbei!\" \/>\n<meta property=\"og:url\" content=\"https:\/\/urban-gardening-blog.de\/Blog\/ueber-nette\/\" \/>\n<meta property=\"og:site_name\" content=\"Nettes Stadtgarten\" \/>\n<meta property=\"article:modified_time\" content=\"2025-12-31T11:49:38+00:00\" \/>\n<meta property=\"og:image\" content=\"https:\/\/urban-gardening-blog.de\/Blog\/wp-content\/uploads\/2025\/01\/IMG_1487.jpeg\" \/>\n\t<meta property=\"og:image:width\" content=\"2049\" \/>\n\t<meta property=\"og:image:height\" content=\"789\" \/>\n\t<meta property=\"og:image:type\" content=\"image\/jpeg\" \/>\n<meta name=\"twitter:card\" content=\"summary_large_image\" \/>\n<meta name=\"twitter:label1\" content=\"Gesch\u00e4tzte Lesezeit\" \/>\n\t<meta name=\"twitter:data1\" content=\"4\u00a0Minuten\" \/>\n<script type=\"application\/ld+json\" class=\"yoast-schema-graph\">{\"@context\":\"https:\/\/schema.org\",\"@graph\":[{\"@type\":\"WebPage\",\"@id\":\"https:\/\/urban-gardening-blog.de\/Blog\/ueber-nette\/\",\"url\":\"https:\/\/urban-gardening-blog.de\/Blog\/ueber-nette\/\",\"name\":\"Alles \u00dcber Nette - Nettes Stadtgarten\",\"isPartOf\":{\"@id\":\"https:\/\/urban-gardening-blog.de\/Blog\/#website\"},\"primaryImageOfPage\":{\"@id\":\"https:\/\/urban-gardening-blog.de\/Blog\/ueber-nette\/#primaryimage\"},\"image\":{\"@id\":\"https:\/\/urban-gardening-blog.de\/Blog\/ueber-nette\/#primaryimage\"},\"thumbnailUrl\":\"https:\/\/urban-gardening-blog.de\/Blog\/wp-content\/uploads\/2025\/01\/IMG_1487-1024x394.jpeg\",\"datePublished\":\"2016-04-07T14:27:09+00:00\",\"dateModified\":\"2025-12-31T11:49:38+00:00\",\"description\":\"Ihr wollte wissen was euch bei mir erwartet und wieso ich euch helfen kann beim G\u00e4rtnern, Kochen oder in der Naturheilkunde? Schaut vorbei!\",\"breadcrumb\":{\"@id\":\"https:\/\/urban-gardening-blog.de\/Blog\/ueber-nette\/#breadcrumb\"},\"inLanguage\":\"de\",\"potentialAction\":[{\"@type\":\"ReadAction\",\"target\":[\"https:\/\/urban-gardening-blog.de\/Blog\/ueber-nette\/\"]}]},{\"@type\":\"ImageObject\",\"inLanguage\":\"de\",\"@id\":\"https:\/\/urban-gardening-blog.de\/Blog\/ueber-nette\/#primaryimage\",\"url\":\"https:\/\/urban-gardening-blog.de\/Blog\/wp-content\/uploads\/2025\/01\/IMG_1487.jpeg\",\"contentUrl\":\"https:\/\/urban-gardening-blog.de\/Blog\/wp-content\/uploads\/2025\/01\/IMG_1487.jpeg\",\"width\":2049,\"height\":789},{\"@type\":\"BreadcrumbList\",\"@id\":\"https:\/\/urban-gardening-blog.de\/Blog\/ueber-nette\/#breadcrumb\",\"itemListElement\":[{\"@type\":\"ListItem\",\"position\":1,\"name\":\"Startseite\",\"item\":\"https:\/\/urban-gardening-blog.de\/Blog\/\"},{\"@type\":\"ListItem\",\"position\":2,\"name\":\"Alles \u00dcber Nette\"}]},{\"@type\":\"WebSite\",\"@id\":\"https:\/\/urban-gardening-blog.de\/Blog\/#website\",\"url\":\"https:\/\/urban-gardening-blog.de\/Blog\/\",\"name\":\"Nettes Stadtgarten\",\"description\":\"\",\"publisher\":{\"@id\":\"https:\/\/urban-gardening-blog.de\/Blog\/#\/schema\/person\/c13187a6abcdab35fb6cc9632cb49b56\"},\"potentialAction\":[{\"@type\":\"SearchAction\",\"target\":{\"@type\":\"EntryPoint\",\"urlTemplate\":\"https:\/\/urban-gardening-blog.de\/Blog\/?s={search_term_string}\"},\"query-input\":{\"@type\":\"PropertyValueSpecification\",\"valueRequired\":true,\"valueName\":\"search_term_string\"}}],\"inLanguage\":\"de\"},{\"@type\":[\"Person\",\"Organization\"],\"@id\":\"https:\/\/urban-gardening-blog.de\/Blog\/#\/schema\/person\/c13187a6abcdab35fb6cc9632cb49b56\",\"name\":\"Nette\",\"image\":{\"@type\":\"ImageObject\",\"inLanguage\":\"de\",\"@id\":\"https:\/\/urban-gardening-blog.de\/Blog\/#\/schema\/person\/image\/\",\"url\":\"https:\/\/urban-gardening-blog.de\/Blog\/wp-content\/uploads\/2025\/01\/cropped-NSG_Logo_Neu.png\",\"contentUrl\":\"https:\/\/urban-gardening-blog.de\/Blog\/wp-content\/uploads\/2025\/01\/cropped-NSG_Logo_Neu.png\",\"width\":512,\"height\":512,\"caption\":\"Nette\"},\"logo\":{\"@id\":\"https:\/\/urban-gardening-blog.de\/Blog\/#\/schema\/person\/image\/\"}}]}<\/script>\n<!-- \/ Yoast SEO Premium plugin. -->","yoast_head_json":{"title":"Alles \u00dcber Nette - Nettes Stadtgarten","description":"Ihr wollte wissen was euch bei mir erwartet und wieso ich euch helfen kann beim G\u00e4rtnern, Kochen oder in der Naturheilkunde? Schaut vorbei!","robots":{"index":"index","follow":"follow","max-snippet":"max-snippet:-1","max-image-preview":"max-image-preview:large","max-video-preview":"max-video-preview:-1"},"canonical":"https:\/\/urban-gardening-blog.de\/Blog\/ueber-nette\/","og_locale":"de_DE","og_type":"article","og_title":"Alles \u00dcber Nette","og_description":"Ihr wollte wissen was euch bei mir erwartet und wieso ich euch helfen kann beim G\u00e4rtnern, Kochen oder in der Naturheilkunde? Schaut vorbei!","og_url":"https:\/\/urban-gardening-blog.de\/Blog\/ueber-nette\/","og_site_name":"Nettes Stadtgarten","article_modified_time":"2025-12-31T11:49:38+00:00","og_image":[{"width":2049,"height":789,"url":"https:\/\/urban-gardening-blog.de\/Blog\/wp-content\/uploads\/2025\/01\/IMG_1487.jpeg","type":"image\/jpeg"}],"twitter_card":"summary_large_image","twitter_misc":{"Gesch\u00e4tzte Lesezeit":"4\u00a0Minuten"},"schema":{"@context":"https:\/\/schema.org","@graph":[{"@type":"WebPage","@id":"https:\/\/urban-gardening-blog.de\/Blog\/ueber-nette\/","url":"https:\/\/urban-gardening-blog.de\/Blog\/ueber-nette\/","name":"Alles \u00dcber Nette - Nettes Stadtgarten","isPartOf":{"@id":"https:\/\/urban-gardening-blog.de\/Blog\/#website"},"primaryImageOfPage":{"@id":"https:\/\/urban-gardening-blog.de\/Blog\/ueber-nette\/#primaryimage"},"image":{"@id":"https:\/\/urban-gardening-blog.de\/Blog\/ueber-nette\/#primaryimage"},"thumbnailUrl":"https:\/\/urban-gardening-blog.de\/Blog\/wp-content\/uploads\/2025\/01\/IMG_1487-1024x394.jpeg","datePublished":"2016-04-07T14:27:09+00:00","dateModified":"2025-12-31T11:49:38+00:00","description":"Ihr wollte wissen was euch bei mir erwartet und wieso ich euch helfen kann beim G\u00e4rtnern, Kochen oder in der Naturheilkunde? Schaut vorbei!","breadcrumb":{"@id":"https:\/\/urban-gardening-blog.de\/Blog\/ueber-nette\/#breadcrumb"},"inLanguage":"de","potentialAction":[{"@type":"ReadAction","target":["https:\/\/urban-gardening-blog.de\/Blog\/ueber-nette\/"]}]},{"@type":"ImageObject","inLanguage":"de","@id":"https:\/\/urban-gardening-blog.de\/Blog\/ueber-nette\/#primaryimage","url":"https:\/\/urban-gardening-blog.de\/Blog\/wp-content\/uploads\/2025\/01\/IMG_1487.jpeg","contentUrl":"https:\/\/urban-gardening-blog.de\/Blog\/wp-content\/uploads\/2025\/01\/IMG_1487.jpeg","width":2049,"height":789},{"@type":"BreadcrumbList","@id":"https:\/\/urban-gardening-blog.de\/Blog\/ueber-nette\/#breadcrumb","itemListElement":[{"@type":"ListItem","position":1,"name":"Startseite","item":"https:\/\/urban-gardening-blog.de\/Blog\/"},{"@type":"ListItem","position":2,"name":"Alles \u00dcber Nette"}]},{"@type":"WebSite","@id":"https:\/\/urban-gardening-blog.de\/Blog\/#website","url":"https:\/\/urban-gardening-blog.de\/Blog\/","name":"Nettes Stadtgarten","description":"","publisher":{"@id":"https:\/\/urban-gardening-blog.de\/Blog\/#\/schema\/person\/c13187a6abcdab35fb6cc9632cb49b56"},"potentialAction":[{"@type":"SearchAction","target":{"@type":"EntryPoint","urlTemplate":"https:\/\/urban-gardening-blog.de\/Blog\/?s={search_term_string}"},"query-input":{"@type":"PropertyValueSpecification","valueRequired":true,"valueName":"search_term_string"}}],"inLanguage":"de"},{"@type":["Person","Organization"],"@id":"https:\/\/urban-gardening-blog.de\/Blog\/#\/schema\/person\/c13187a6abcdab35fb6cc9632cb49b56","name":"Nette","image":{"@type":"ImageObject","inLanguage":"de","@id":"https:\/\/urban-gardening-blog.de\/Blog\/#\/schema\/person\/image\/","url":"https:\/\/urban-gardening-blog.de\/Blog\/wp-content\/uploads\/2025\/01\/cropped-NSG_Logo_Neu.png","contentUrl":"https:\/\/urban-gardening-blog.de\/Blog\/wp-content\/uploads\/2025\/01\/cropped-NSG_Logo_Neu.png","width":512,"height":512,"caption":"Nette"},"logo":{"@id":"https:\/\/urban-gardening-blog.de\/Blog\/#\/schema\/person\/image\/"}}]}},"_links":{"self":[{"href":"https:\/\/urban-gardening-blog.de\/Blog\/wp-json\/wp\/v2\/pages\/5","targetHints":{"allow":["GET"]}}],"collection":[{"href":"https:\/\/urban-gardening-blog.de\/Blog\/wp-json\/wp\/v2\/pages"}],"about":[{"href":"https:\/\/urban-gardening-blog.de\/Blog\/wp-json\/wp\/v2\/types\/page"}],"author":[{"embeddable":true,"href":"https:\/\/urban-gardening-blog.de\/Blog\/wp-json\/wp\/v2\/users\/1"}],"replies":[{"embeddable":true,"href":"https:\/\/urban-gardening-blog.de\/Blog\/wp-json\/wp\/v2\/comments?post=5"}],"version-history":[{"count":11,"href":"https:\/\/urban-gardening-blog.de\/Blog\/wp-json\/wp\/v2\/pages\/5\/revisions"}],"predecessor-version":[{"id":3073,"href":"https:\/\/urban-gardening-blog.de\/Blog\/wp-json\/wp\/v2\/pages\/5\/revisions\/3073"}],"wp:attachment":[{"href":"https:\/\/urban-gardening-blog.de\/Blog\/wp-json\/wp\/v2\/media?parent=5"}],"curies":[{"name":"wp","href":"https:\/\/api.w.org\/{rel}","templated":true}]}}