{"id":458,"date":"2016-11-17T17:00:13","date_gmt":"2016-11-17T16:00:13","guid":{"rendered":"http:\/\/urban-gardening-blog.de\/Blog\/?page_id=458"},"modified":"2025-01-17T10:53:13","modified_gmt":"2025-01-17T09:53:13","slug":"literatur","status":"publish","type":"page","link":"https:\/\/urban-gardening-blog.de\/Blog\/infothek\/literatur\/","title":{"rendered":"Literaturempfehlungen"},"content":{"rendered":"\n<p>Hier findet ihr eine Auswahl an Literatur, welche ich empfehlen kann. Sowohl allgemein zum Thema G\u00e4rtnern auf dem Balkon, als auch zu Heilpflanzen &#8211; jeweils mit einer kurzen Beschreibung.<\/p>\n\n\n\n<h2 class=\"wp-block-heading\"><span style=\"color: #008000;\">Allgemeines zum G\u00e4rtnern:&nbsp;<\/span><\/h2>\n\n\n\n<p>Mein absoluter Favorit in Sachen Literatur f\u00fcr Balkong\u00e4rtner: <strong>Flora Gr\u00fcn &#8211; <a href=\"https:\/\/www.amazon.de\/Dachgarten-S%C3%BCdbalkon-Pflanzen-extremen-Standort\/dp\/3837056694\/ref=sr_1_1?__mk_de_DE=%C3%85M%C3%85%C5%BD%C3%95%C3%91&amp;crid=15TXQRPMY4CN8&amp;dib=eyJ2IjoiMSJ9.V6N1P6Ke2kRnCieSpje2pLYVTztn2bT5DL_XtHpfAIOF_ZCetrXhGCHm_qghyzQvXtlqVgdI-KiJFe0r_1MB64v6X9eGr_qNzfwR3BSzQdVPHGREZKSUZnKnt_byzjMWxnZ1ELN0yYlx8wgSomWpybaRCluVvCLKI6mOWlMC8w-n5bep427AUecVDb8cxdZbue21ezn-Bia09f33Mef1dJYaECZBoShR1bh1wpr9D3w.ir-7GIZzj3QLKh6_SdidK3DqaMyBTsYG2rxD6MfT-s0&amp;dib_tag=se&amp;keywords=Dachgarten+und+S%C3%BCdbalkon&amp;nsdOptOutParam=true&amp;qid=1737107207&amp;sprefix=dachgarten+und+s%C3%BCdbalkon%2Caps%2C132&amp;sr=8-1\" target=\"_blank\" rel=\"noreferrer noopener\">Dachga<\/a><a href=\"https:\/\/www.awin1.com\/cread.php?awinmid=14158&amp;awinaffid=991263&amp;ued=https%3A%2F%2Fwww.thalia.de%2Fsuche%3FfilterPATHROOT%3D%26sq%3Ddachgarten%2Bund%2Bs%25C3%25BCdbalkon\" target=\"_blank\" rel=\"noreferrer noopener\">rten und S\u00fcdbalkon<\/a><\/strong> [Unbezahlte Werbung]<\/p>\n\n\n\n<p>Neben vielen allgemeinen Tipps zum Thema Gie\u00dfen, Werkzeuge, Erde, Standort usw. finde ich vor allem die Pflanzenportr\u00e4ts super. Aufgeteilt wird in die Kategorien B\u00e4ume, Stauden, Obst, Gem\u00fcse und Kr\u00e4uter. Zu jeder dieser Kategorien findet man die Pflanzen die sich gut f\u00fcr so einen extremen Standort &#8211; Dachgarten oder S\u00fcdbalkon &#8211; eignen. Die Autorin geht dabei f\u00fcr jede Pflanze auf die besonderen Anspr\u00fcche in Bezug auf Erde, Schneiden, Gie\u00dfen, Standort und Gr\u00f6\u00dfe der Pflanze ein. So ist es auch f\u00fcr einen Garten-Neuling gut mit diesem Buch zu arbeiten. Der einzige Nachteil: es gibt wenig Bilder und diese sind in einem Art &#8222;Fotoalbum&#8220; in der Mitte und nicht der jeweiligen Beschreibung zugeordnet. Trotzdem ein super Buch, das dein Preis von 14,90 EUR auf jeden Fall wert ist &#8211; klare Kaufempfehlung!<\/p>\n\n\n\n<h2 class=\"wp-block-heading\"><span style=\"color: #008000;\">Heilpflanzen:<\/span><\/h2>\n\n\n\n<p>Da ich von der Ausbildung her Apothekerin bin, habe ich auch immer besonderes Interesse daran, welche meiner Pflanzen auch als Heilpflanzen nutzbar sind und wie. Wer hier genauso ein &#8222;Nerd&#8220; ist wie ich und es ganz genau wissen will, findet viele Informationen in diesem Buch:\u00a0<b><a href=\"https:\/\/www.amazon.de\/Handbuch-Arzneipflanzen-Ben-Erik-van-Wyk-ebook\/dp\/B01MQJDB3E\/ref=sr_1_1?crid=WEGEFXFJN0PQ&amp;dib=eyJ2IjoiMSJ9.HABF-4u5v-nh1G9nQomJvqqW34iJkVRmc4pyTt2O7gt-QADDJHmBkIj7iPV-dEGez8bUSfaOCDDDuwJgmq4qZX6EBa4ZeqmCAkRbhHe_4N5bKYDzac7jcaW53W5dc8u9XCNTPRVdLw6JiCnTbc9xyJrnaODsHxCdOIn0efUvdZ_KKgdrvRI-Wsk5x65tS8G9eMdqt_CzkOXTOcjOPYRcyKUKsyxAsGTCGYTbxtK2jUY.Vwz0PD-gJrvPyHdgpYqkcJy1ODPZ2h34VE-rPqOSHt0&amp;dib_tag=se&amp;keywords=handbuch+der+arzneipflanzen&amp;nsdOptOutParam=true&amp;qid=1737107310&amp;sprefix=Handbuch+der+Arzneipflanzen%2Caps%2C141&amp;sr=8-1\" target=\"_blank\" rel=\"noreferrer noopener\">Handbuch der Arzneipflanzen<\/a><\/b> [unbezahlte Werbung] aus dem Deutschen Apothekerverlag.<\/p>\n\n\n\n<p>Ihr interessiert euch ebenfalls f\u00fcr Heilpflanzen, aber h\u00e4ttest es gerne etwas praktischer? Und m\u00f6chtet diese auf dem Balkon anbauen?<br>Dann findet ihr in diesem kompakten Werk Hilfe: <strong><a href=\"https:\/\/www.awin1.com\/cread.php?awinmid=14158&amp;awinaffid=991263&amp;ued=https%3A%2F%2Fwww.thalia.de%2Fsuche%3FfilterPATHROOT%3D%26sq%3Dmein%2BHeilpflanzenbalkon\" target=\"_blank\" rel=\"noreferrer noopener\">Mein Heilpflanzenbalkon<\/a><a href=\"https:\/\/www.amazon.de\/Mein-Heilpflanzenbalkon-Pflanzideen-Bauchweh-Bottich-Kopf-frei-Kasten\/dp\/3800103613\/ref=sr_1_1?__mk_de_DE=%C3%85M%C3%85%C5%BD%C3%95%C3%91&amp;crid=1ASHW8VGGSEZD&amp;dib=eyJ2IjoiMSJ9.76lvX-0ScY_ogTmNATDI8XTjhEIy8cL2HZicitptTuDyidcFYhzwQ-2RUYkHbUf7N4-48r0r7ZJcnYHNeKI_3Q1JW2lzx9So_nRkx5AFivFtKTG48DB5NWlmeiB4IFzLITWRZJNmC8RuqaCprbHJKv3EPCQgJ95amCotHh0du4twvqi8nHfHY922F6kuCg1gO93dPpu0mtFR1QCoCl1b6U72EV_tOI7QhndA-6HFXFE.zXdq5Knkaxtf9U2VOeXF_6GP2W6R1hS9tQZ_8Auyw_o&amp;dib_tag=se&amp;keywords=mein+heilpflanzenbalkon&amp;nsdOptOutParam=true&amp;qid=1737107364&amp;sprefix=mein+heilfplanzenbalkon%2Caps%2C118&amp;sr=8-1\" target=\"_blank\" rel=\"noreferrer noopener\"> <\/a><\/strong> [unbezahlte Werbung] aus dem Ulmer Verlag. Hier wird die Wirkung der Arzneipflanzen kurz dargestellt (einfacher und nicht ausf\u00fchrlich wie im &#8222;Handbuch der Arzneipflanzen&#8220; &#8211; aber daf\u00fcr auch leichter verdaulich \ud83d\ude09 ) und genauso deren botanische Eigenschaften und Anspr\u00fcche. Eine detaillierte Rezension dazu findet ihr hier in meinem <a href=\"https:\/\/urban-gardening-blog.de\/Blog\/buchempfehlung-mein-heilpflanzenbalkon\/\">Blogartikel<\/a>.<\/p>\n\n\n\n<p>Einfache Naturkosmetik-Rezepte, die sich schnell und ohne viele Zutaten umsetzen lassen findet ihr hier: &#8222;<a href=\"https:\/\/www.amazon.de\/Das-kleine-Wohlf%C3%BChlbuch-Naturkosmetik-Brombeerbad\/dp\/3799505369\/ref=sr_1_2?__mk_de_DE=%C3%85M%C3%85%C5%BD%C3%95%C3%91&amp;crid=H5DXVA67ZV2X&amp;dib=eyJ2IjoiMSJ9.f7OXcTcEjU9y1XoARgLrKZlWskfYq-WA-LQOI8j-PPElsD7DpzO3bXN0L6BSDqcDxQ9MM0BxNL70zUQAw35WNQJQg06rqNnLGwdef0oAaz71mFhqxjNuofb8bfYSB9KQE9fUhxtJ1g1MKY2iDsCrb5nJ9FgLpzOEHh5w2-M27hHrIXP15ZCdKO8q2j1_HZG-SiUwy9LdWnH2pi4mOZ_Adl3-SPOTUGc9LfDX-Yymyck.pAdYdOqYgj4Y6CeeqyWwUWbpydf03F-CEU9ml4IZuzs&amp;dib_tag=se&amp;keywords=das+kleine+Wohlf%C3%BChlbuch&amp;nsdOptOutParam=true&amp;qid=1737107413&amp;sprefix=das+kleine+wohlf%C3%BChlbuch%2Caps%2C123&amp;sr=8-2\" target=\"_blank\" rel=\"noreferrer noopener\"><strong>Das kleine Wohlf\u00fchlbuch<\/strong><\/a>&#8220; [unbezahlte Werbung] von Katharina Bodenstein aus dem aus dem Verlag Thorbecke. F\u00fcr alle die wenig Zeit (und Erfahrung) haben und trotzdem die Kraft der Pflanzen nutzen wollen, ein tolles Werk.<\/p>\n\n\n\n<h2 class=\"wp-block-heading\"><span style=\"color: #008000;\">Kr\u00e4uter und Obst:<\/span><\/h2>\n\n\n\n<p>Ihr liebt K\u00fcchenkr\u00e4uter? Dann kann ich euch dieses Buch empfehlen: <b><a href=\"https:\/\/www.amazon.de\/Soforthelfer-K%C3%BCchenkr%C3%A4uter-Die-schnellsten-L%C3%B6sungen\/dp\/3440131564\/ref=sr_1_2?__mk_de_DE=%C3%85M%C3%85%C5%BD%C3%95%C3%91&amp;crid=1XS5W01ICRBUU&amp;dib=eyJ2IjoiMSJ9.uAo-ud-bVPH29cW8m5yHY2_MdLE0b8QeWT4PdWXCFeajKesp4UJlyh641V_g7clcPV-uSq6TNAmAlV1HiQmSDY1yDRH1M_P8WlzYhbkoBybPuo29DvhJCInGXxuKlOCqEGCxMmG9qBHSPtuRR_9oIr1KHeXrB92dbD3v-Zu7qPqnfwU0gcvzoZ9PBM6BUhLmD3Af7dkpuIJT1-eXBGRtIX6tJwkZhIvCBtIXY3ym7WLGEJ93zPyceYOhH_jA8z-s5WnrcaoHz9sd9E5i5o7iH5UkBwMOWDNuZBN3RVlRmTpq3b26XZwQn5rQu99TP2YA.APrz5nmVKi9zKAkruUD3-uXXJUanYikGvB-KZAXdywg&amp;dib_tag=se&amp;keywords=soforthelfer+k%C3%BCchenkr%C3%A4uter&amp;nsdOptOutParam=true&amp;qid=1737107492&amp;sprefix=soforthelfer+k%C3%BCchenkr%C3%A4uter%2Caps%2C133&amp;sr=8-2\" target=\"_blank\" rel=\"noreferrer noopener\">Soforthelfer K\u00fcchenkr\u00e4uter: Die 99 schnellsten L\u00f6sungen<\/a><\/b> [unbezahlte Werbung].Hier k\u00f6nnt ihr euch kurz und trotzdem inhaltsreich die wichtigsten Informationen holen. Eine ausf\u00fchrliche Rezession zu diesem Buch findet ihr hier bei meiner <a href=\"https:\/\/urban-gardening-blog.de\/Blog\/buchvorstellung-kuechenkraeuter\/\">Buchvorstellung<\/a>.<\/p>\n\n\n\n<p><span style=\"font-size: inherit;\">F\u00fcr Obstliebhaber, die auch auf dem Balkon nicht auf ihr Obst verzichten wollen habe ich auch noch eine Empfehlung: <\/span><span style=\"font-size: inherit; color: #008000;\"><strong>Siegfried Tatschl &#8211; <span id=\"productTitle\" class=\"a-size-large\"><a href=\"https:\/\/www.amazon.de\/555-Obstsorten-f%C3%BCr-Permakulturgarten-balkon\/dp\/3706625539\/ref=sr_1_1?crid=2YUNGTUD17388&amp;dib=eyJ2IjoiMSJ9.Jo4ZXRs0pGlrG4amJfGERwIv80jYojhBDRpj2W4sxDIJiq1iAW10yJp1zJ57-3_sSwZSmjDSAHS0nToKT6mStgFyBhnLQpY-x3PHf8l_cu9thGIiEwFigpOmNz0j9JV72nMSqM50NxtEdad44MZmr2gzj8S9G7dwMvIPlfiMwHEz0RN9Y4sioqHgwknUXW7poHfoSM_pmaOk7jf7LH2YrH3U8TjcMtZRhHU1cSX1ZMw.La-3HjYNEtxqyq0dFLMSGI81wsmHXUm0ExH5XmOEOaI&amp;dib_tag=se&amp;keywords=555+obstsorten&amp;nsdOptOutParam=true&amp;qid=1737107560&amp;sprefix=555+obst%2Caps%2C116&amp;sr=8-1\" target=\"_blank\" rel=\"noreferrer noopener\">555 Obstsorten f\u00fcr den Permakulturgarten und -balkon<\/a><\/span><\/strong><span style=\"color: #000000;\"> [unbezahlte Werbung]. Dort <span style=\"font-size: inherit;\">findet ihr eine sch\u00f6ne und reich bebilderte \u00dcbersicht zu einer riesigen Auswahl an Obstsorten &#8211; das sollte doch f\u00fcr jeden etwas dabei sind!<\/span><\/span><\/span><\/p>\n\n\n<div class=\"wp-block-image\">\n<figure class=\"alignleft\"><img loading=\"lazy\" decoding=\"async\" width=\"120\" height=\"120\" src=\"https:\/\/urban-gardening-blog.de\/Blog\/wp-content\/uploads\/2016\/11\/B\u00fccherstapel.png\" alt=\"buecherstapel\" class=\"wp-image-462\"\/><\/figure><\/div>","protected":false},"excerpt":{"rendered":"<p>Hier findet ihr eine Auswahl an Literatur, welche ich empfehlen kann. Sowohl allgemein zum Thema G\u00e4rtnern auf dem Balkon, als auch zu Heilpflanzen &#8211; jeweils mit einer kurzen Beschreibung. Allgemeines zum G\u00e4rtnern:&nbsp; Mein absoluter Favorit in Sachen Literatur f\u00fcr Balkong\u00e4rtner: Flora Gr\u00fcn &#8211; Dachgarten und S\u00fcdbalkon [Unbezahlte Werbung] Neben vielen allgemeinen Tipps zum Thema Gie\u00dfen, <a class=\"continue\" href=\"https:\/\/urban-gardening-blog.de\/Blog\/infothek\/literatur\/\">[Continue]<\/a><\/p>\n","protected":false},"author":1,"featured_media":0,"parent":51,"menu_order":1,"comment_status":"closed","ping_status":"closed","template":"","meta":{"_lmt_disableupdate":"no","_lmt_disable":"","footnotes":"","_wp_rev_ctl_limit":""},"class_list":["post-458","page","type-page","status-publish","hentry"],"yoast_head":"<!-- This site is optimized with the Yoast SEO Premium plugin v26.4 (Yoast SEO v26.8) - https:\/\/yoast.com\/product\/yoast-seo-premium-wordpress\/ -->\n<title>Literaturempfehlungen - Nettes Stadtgarten<\/title>\n<meta name=\"description\" content=\"Hilfreiche Literatur f\u00fcr Balkong\u00e4rtner: allgemein zum G\u00e4rtnern, Obst, Gem\u00fcse und auch zum Thema Heilpflanzen. Meine Empfehlungen findet ihr hier.\" \/>\n<meta name=\"robots\" content=\"index, follow, max-snippet:-1, max-image-preview:large, max-video-preview:-1\" \/>\n<link rel=\"canonical\" href=\"https:\/\/urban-gardening-blog.de\/Blog\/infothek\/literatur\/\" \/>\n<meta property=\"og:locale\" content=\"de_DE\" \/>\n<meta property=\"og:type\" content=\"article\" \/>\n<meta property=\"og:title\" content=\"Literaturempfehlungen\" \/>\n<meta property=\"og:description\" content=\"Hilfreiche Literatur f\u00fcr Balkong\u00e4rtner: allgemein zum G\u00e4rtnern, Obst, Gem\u00fcse und auch zum Thema Heilpflanzen. Meine Empfehlungen findet ihr hier.\" \/>\n<meta property=\"og:url\" content=\"https:\/\/urban-gardening-blog.de\/Blog\/infothek\/literatur\/\" \/>\n<meta property=\"og:site_name\" content=\"Nettes Stadtgarten\" \/>\n<meta property=\"article:modified_time\" content=\"2025-01-17T09:53:13+00:00\" \/>\n<meta name=\"twitter:card\" content=\"summary_large_image\" \/>\n<meta name=\"twitter:label1\" content=\"Gesch\u00e4tzte Lesezeit\" \/>\n\t<meta name=\"twitter:data1\" content=\"3\u00a0Minuten\" \/>\n<script type=\"application\/ld+json\" class=\"yoast-schema-graph\">{\"@context\":\"https:\/\/schema.org\",\"@graph\":[{\"@type\":\"WebPage\",\"@id\":\"https:\/\/urban-gardening-blog.de\/Blog\/infothek\/literatur\/\",\"url\":\"https:\/\/urban-gardening-blog.de\/Blog\/infothek\/literatur\/\",\"name\":\"Literaturempfehlungen - Nettes Stadtgarten\",\"isPartOf\":{\"@id\":\"https:\/\/urban-gardening-blog.de\/Blog\/#website\"},\"datePublished\":\"2016-11-17T16:00:13+00:00\",\"dateModified\":\"2025-01-17T09:53:13+00:00\",\"description\":\"Hilfreiche Literatur f\u00fcr Balkong\u00e4rtner: allgemein zum G\u00e4rtnern, Obst, Gem\u00fcse und auch zum Thema Heilpflanzen. Meine Empfehlungen findet ihr hier.\",\"breadcrumb\":{\"@id\":\"https:\/\/urban-gardening-blog.de\/Blog\/infothek\/literatur\/#breadcrumb\"},\"inLanguage\":\"de\",\"potentialAction\":[{\"@type\":\"ReadAction\",\"target\":[\"https:\/\/urban-gardening-blog.de\/Blog\/infothek\/literatur\/\"]}]},{\"@type\":\"BreadcrumbList\",\"@id\":\"https:\/\/urban-gardening-blog.de\/Blog\/infothek\/literatur\/#breadcrumb\",\"itemListElement\":[{\"@type\":\"ListItem\",\"position\":1,\"name\":\"Startseite\",\"item\":\"https:\/\/urban-gardening-blog.de\/Blog\/\"},{\"@type\":\"ListItem\",\"position\":2,\"name\":\"Infothek\",\"item\":\"https:\/\/urban-gardening-blog.de\/Blog\/infothek\/\"},{\"@type\":\"ListItem\",\"position\":3,\"name\":\"Literaturempfehlungen\"}]},{\"@type\":\"WebSite\",\"@id\":\"https:\/\/urban-gardening-blog.de\/Blog\/#website\",\"url\":\"https:\/\/urban-gardening-blog.de\/Blog\/\",\"name\":\"Nettes Stadtgarten\",\"description\":\"\",\"publisher\":{\"@id\":\"https:\/\/urban-gardening-blog.de\/Blog\/#\/schema\/person\/c13187a6abcdab35fb6cc9632cb49b56\"},\"potentialAction\":[{\"@type\":\"SearchAction\",\"target\":{\"@type\":\"EntryPoint\",\"urlTemplate\":\"https:\/\/urban-gardening-blog.de\/Blog\/?s={search_term_string}\"},\"query-input\":{\"@type\":\"PropertyValueSpecification\",\"valueRequired\":true,\"valueName\":\"search_term_string\"}}],\"inLanguage\":\"de\"},{\"@type\":[\"Person\",\"Organization\"],\"@id\":\"https:\/\/urban-gardening-blog.de\/Blog\/#\/schema\/person\/c13187a6abcdab35fb6cc9632cb49b56\",\"name\":\"Nette\",\"image\":{\"@type\":\"ImageObject\",\"inLanguage\":\"de\",\"@id\":\"https:\/\/urban-gardening-blog.de\/Blog\/#\/schema\/person\/image\/\",\"url\":\"https:\/\/urban-gardening-blog.de\/Blog\/wp-content\/uploads\/2025\/01\/cropped-NSG_Logo_Neu.png\",\"contentUrl\":\"https:\/\/urban-gardening-blog.de\/Blog\/wp-content\/uploads\/2025\/01\/cropped-NSG_Logo_Neu.png\",\"width\":512,\"height\":512,\"caption\":\"Nette\"},\"logo\":{\"@id\":\"https:\/\/urban-gardening-blog.de\/Blog\/#\/schema\/person\/image\/\"}}]}<\/script>\n<!-- \/ Yoast SEO Premium plugin. -->","yoast_head_json":{"title":"Literaturempfehlungen - Nettes Stadtgarten","description":"Hilfreiche Literatur f\u00fcr Balkong\u00e4rtner: allgemein zum G\u00e4rtnern, Obst, Gem\u00fcse und auch zum Thema Heilpflanzen. Meine Empfehlungen findet ihr hier.","robots":{"index":"index","follow":"follow","max-snippet":"max-snippet:-1","max-image-preview":"max-image-preview:large","max-video-preview":"max-video-preview:-1"},"canonical":"https:\/\/urban-gardening-blog.de\/Blog\/infothek\/literatur\/","og_locale":"de_DE","og_type":"article","og_title":"Literaturempfehlungen","og_description":"Hilfreiche Literatur f\u00fcr Balkong\u00e4rtner: allgemein zum G\u00e4rtnern, Obst, Gem\u00fcse und auch zum Thema Heilpflanzen. Meine Empfehlungen findet ihr hier.","og_url":"https:\/\/urban-gardening-blog.de\/Blog\/infothek\/literatur\/","og_site_name":"Nettes Stadtgarten","article_modified_time":"2025-01-17T09:53:13+00:00","twitter_card":"summary_large_image","twitter_misc":{"Gesch\u00e4tzte Lesezeit":"3\u00a0Minuten"},"schema":{"@context":"https:\/\/schema.org","@graph":[{"@type":"WebPage","@id":"https:\/\/urban-gardening-blog.de\/Blog\/infothek\/literatur\/","url":"https:\/\/urban-gardening-blog.de\/Blog\/infothek\/literatur\/","name":"Literaturempfehlungen - Nettes Stadtgarten","isPartOf":{"@id":"https:\/\/urban-gardening-blog.de\/Blog\/#website"},"datePublished":"2016-11-17T16:00:13+00:00","dateModified":"2025-01-17T09:53:13+00:00","description":"Hilfreiche Literatur f\u00fcr Balkong\u00e4rtner: allgemein zum G\u00e4rtnern, Obst, Gem\u00fcse und auch zum Thema Heilpflanzen. Meine Empfehlungen findet ihr hier.","breadcrumb":{"@id":"https:\/\/urban-gardening-blog.de\/Blog\/infothek\/literatur\/#breadcrumb"},"inLanguage":"de","potentialAction":[{"@type":"ReadAction","target":["https:\/\/urban-gardening-blog.de\/Blog\/infothek\/literatur\/"]}]},{"@type":"BreadcrumbList","@id":"https:\/\/urban-gardening-blog.de\/Blog\/infothek\/literatur\/#breadcrumb","itemListElement":[{"@type":"ListItem","position":1,"name":"Startseite","item":"https:\/\/urban-gardening-blog.de\/Blog\/"},{"@type":"ListItem","position":2,"name":"Infothek","item":"https:\/\/urban-gardening-blog.de\/Blog\/infothek\/"},{"@type":"ListItem","position":3,"name":"Literaturempfehlungen"}]},{"@type":"WebSite","@id":"https:\/\/urban-gardening-blog.de\/Blog\/#website","url":"https:\/\/urban-gardening-blog.de\/Blog\/","name":"Nettes Stadtgarten","description":"","publisher":{"@id":"https:\/\/urban-gardening-blog.de\/Blog\/#\/schema\/person\/c13187a6abcdab35fb6cc9632cb49b56"},"potentialAction":[{"@type":"SearchAction","target":{"@type":"EntryPoint","urlTemplate":"https:\/\/urban-gardening-blog.de\/Blog\/?s={search_term_string}"},"query-input":{"@type":"PropertyValueSpecification","valueRequired":true,"valueName":"search_term_string"}}],"inLanguage":"de"},{"@type":["Person","Organization"],"@id":"https:\/\/urban-gardening-blog.de\/Blog\/#\/schema\/person\/c13187a6abcdab35fb6cc9632cb49b56","name":"Nette","image":{"@type":"ImageObject","inLanguage":"de","@id":"https:\/\/urban-gardening-blog.de\/Blog\/#\/schema\/person\/image\/","url":"https:\/\/urban-gardening-blog.de\/Blog\/wp-content\/uploads\/2025\/01\/cropped-NSG_Logo_Neu.png","contentUrl":"https:\/\/urban-gardening-blog.de\/Blog\/wp-content\/uploads\/2025\/01\/cropped-NSG_Logo_Neu.png","width":512,"height":512,"caption":"Nette"},"logo":{"@id":"https:\/\/urban-gardening-blog.de\/Blog\/#\/schema\/person\/image\/"}}]}},"_links":{"self":[{"href":"https:\/\/urban-gardening-blog.de\/Blog\/wp-json\/wp\/v2\/pages\/458","targetHints":{"allow":["GET"]}}],"collection":[{"href":"https:\/\/urban-gardening-blog.de\/Blog\/wp-json\/wp\/v2\/pages"}],"about":[{"href":"https:\/\/urban-gardening-blog.de\/Blog\/wp-json\/wp\/v2\/types\/page"}],"author":[{"embeddable":true,"href":"https:\/\/urban-gardening-blog.de\/Blog\/wp-json\/wp\/v2\/users\/1"}],"replies":[{"embeddable":true,"href":"https:\/\/urban-gardening-blog.de\/Blog\/wp-json\/wp\/v2\/comments?post=458"}],"version-history":[{"count":14,"href":"https:\/\/urban-gardening-blog.de\/Blog\/wp-json\/wp\/v2\/pages\/458\/revisions"}],"predecessor-version":[{"id":2827,"href":"https:\/\/urban-gardening-blog.de\/Blog\/wp-json\/wp\/v2\/pages\/458\/revisions\/2827"}],"up":[{"embeddable":true,"href":"https:\/\/urban-gardening-blog.de\/Blog\/wp-json\/wp\/v2\/pages\/51"}],"wp:attachment":[{"href":"https:\/\/urban-gardening-blog.de\/Blog\/wp-json\/wp\/v2\/media?parent=458"}],"curies":[{"name":"wp","href":"https:\/\/api.w.org\/{rel}","templated":true}]}}