{"id":2783,"date":"2025-01-07T10:19:35","date_gmt":"2025-01-07T09:19:35","guid":{"rendered":"https:\/\/urban-gardening-blog.de\/Blog\/?page_id=2783"},"modified":"2025-01-22T12:23:40","modified_gmt":"2025-01-22T11:23:40","slug":"balkonkalender","status":"publish","type":"page","link":"https:\/\/urban-gardening-blog.de\/Blog\/infothek\/vorlagen\/balkonkalender\/","title":{"rendered":"G\u00e4rtnern Am Balkon muss nicht schwer sein!"},"content":{"rendered":"\n<figure class=\"wp-block-image size-large\"><img loading=\"lazy\" decoding=\"async\" width=\"1024\" height=\"699\" src=\"https:\/\/urban-gardening-blog.de\/Blog\/wp-content\/uploads\/2024\/12\/Salespage-Balkonkalender-1-1024x699.png\" alt=\"\" class=\"wp-image-2786\" srcset=\"https:\/\/urban-gardening-blog.de\/Blog\/wp-content\/uploads\/2024\/12\/Salespage-Balkonkalender-1-1024x699.png 1024w, https:\/\/urban-gardening-blog.de\/Blog\/wp-content\/uploads\/2024\/12\/Salespage-Balkonkalender-1-300x205.png 300w, https:\/\/urban-gardening-blog.de\/Blog\/wp-content\/uploads\/2024\/12\/Salespage-Balkonkalender-1-768x524.png 768w, https:\/\/urban-gardening-blog.de\/Blog\/wp-content\/uploads\/2024\/12\/Salespage-Balkonkalender-1.png 1080w\" sizes=\"auto, (max-width: 1024px) 100vw, 1024px\" \/><\/figure>\n\n\n\n<p><\/p>\n\n\n\n<h2 class=\"wp-block-heading has-text-align-center\"><strong><mark style=\"background-color:rgba(0, 0, 0, 0);color:#034910\" class=\"has-inline-color\">Ich kenne das und verstehe dich, mir ging es Jahre lange genauso wie dir!<\/mark><\/strong><\/h2>\n\n\n\n<p class=\"has-text-align-center\"><\/p>\n\n\n\n<ul class=\"wp-block-list\">\n<li>Aber was w\u00e4re wenn G\u00e4rtner am Balkon, in T\u00f6pfen und anderen winzigen Orten pl\u00f6tzlich viel leichter w\u00e4re?<\/li>\n\n\n\n<li>Wie w\u00e4re es wenn du jeden Monat auf einen Blick sehen k\u00f6nntest, welche die wichtigsten Aufgaben im Balkongarten sind?<\/li>\n<\/ul>\n\n\n\n<p><\/p>\n\n\n\n<div class=\"wp-block-buttons is-layout-flex wp-block-buttons-is-layout-flex\">\n<div class=\"wp-block-button\"><a class=\"wp-block-button__link has-text-align-center wp-element-button\" href=\"https:\/\/www.digistore24.com\/product\/591687\" target=\"_blank\" rel=\"noreferrer noopener\">Ja, das will ich!<\/a><\/div>\n<\/div>\n\n\n\n<p><\/p>\n\n\n\n<p>Ich liebe das G\u00e4rtnern und das Kochen schon seit meiner Kindheit. Jedoch, als ich \u00e4lter wurde, und Familie, Haushalt und Job meine Leidenschaft &#8222;\u00fcberwucherten&#8220;, sind die G\u00e4rtner-Aktivit\u00e4ten in den Hintergrund geraten. Auch weil mir einfach der \u00dcberblick \u00fcber die Aufgaben fehlte und ich keine Zeit hatte stundenlang nach den richtigen Infos zu suchen. <\/p>\n\n\n\n<p>Ihr m\u00fcsst jetzt nicht mehr suchen, denn in meinem Balkonkalender findet ihr alles auf einen Blick. Monat f\u00fcr Monat, f\u00fcr viele Jahre geeignet und genug Platz f\u00fcr eigene Notizen. Da macht das G\u00e4rtnern auf engem Raum und mit wenig Zeit wieder Spa\u00df!<\/p>\n\n\n\n<p><strong>Das bekommt ihr:<\/strong><\/p>\n\n\n\n<ul class=\"wp-block-list\">\n<li>25-seitige pdf-Datei zum Download<\/li>\n\n\n\n<li>12 Seiten mit allen n\u00f6tigen Infos f\u00fcr ein erfolgreiches Balkong\u00e4rtnern Monat f\u00fcr Monat<\/li>\n\n\n\n<li>Immerw\u00e4hrender 12-seitiger Kalender mit viel Platz f\u00fcr Notizen Tag f\u00fcr Tag<\/li>\n<\/ul>\n\n\n\n<p>Balkonkalender zum Download jetzt f\u00fcr 5,99 EUR holen!<\/p>\n\n\n\n<div class=\"wp-block-buttons is-layout-flex wp-block-buttons-is-layout-flex\">\n<div class=\"wp-block-button\"><a class=\"wp-block-button__link wp-element-button\" href=\"https:\/\/www.digistore24.com\/product\/591687\" target=\"_blank\" rel=\"noreferrer noopener\">Jetzt kaufen!<\/a><\/div>\n<\/div>\n\n\n\n<figure class=\"wp-block-image size-large\"><img loading=\"lazy\" decoding=\"async\" width=\"1024\" height=\"724\" src=\"https:\/\/urban-gardening-blog.de\/Blog\/wp-content\/uploads\/2024\/12\/Promotionvorlage-Balkonkalender-1024x724.png\" alt=\"Balkonkalender\" class=\"wp-image-2789\" srcset=\"https:\/\/urban-gardening-blog.de\/Blog\/wp-content\/uploads\/2024\/12\/Promotionvorlage-Balkonkalender-1024x724.png 1024w, https:\/\/urban-gardening-blog.de\/Blog\/wp-content\/uploads\/2024\/12\/Promotionvorlage-Balkonkalender-300x212.png 300w, https:\/\/urban-gardening-blog.de\/Blog\/wp-content\/uploads\/2024\/12\/Promotionvorlage-Balkonkalender-768x543.png 768w, https:\/\/urban-gardening-blog.de\/Blog\/wp-content\/uploads\/2024\/12\/Promotionvorlage-Balkonkalender-1536x1086.png 1536w, https:\/\/urban-gardening-blog.de\/Blog\/wp-content\/uploads\/2024\/12\/Promotionvorlage-Balkonkalender.png 2000w\" sizes=\"auto, (max-width: 1024px) 100vw, 1024px\" \/><\/figure>\n","protected":false},"excerpt":{"rendered":"<p>Ich kenne das und verstehe dich, mir ging es Jahre lange genauso wie dir! Ich liebe das G\u00e4rtnern und das Kochen schon seit meiner Kindheit. Jedoch, als ich \u00e4lter wurde, und Familie, Haushalt und Job meine Leidenschaft &#8222;\u00fcberwucherten&#8220;, sind die G\u00e4rtner-Aktivit\u00e4ten in den Hintergrund geraten. Auch weil mir einfach der \u00dcberblick \u00fcber die Aufgaben fehlte <a class=\"continue\" href=\"https:\/\/urban-gardening-blog.de\/Blog\/infothek\/vorlagen\/balkonkalender\/\">[Continue]<\/a><\/p>\n","protected":false},"author":1,"featured_media":0,"parent":53,"menu_order":0,"comment_status":"closed","ping_status":"closed","template":"","meta":{"_lmt_disableupdate":"","_lmt_disable":"","footnotes":"","_wp_rev_ctl_limit":"2"},"class_list":["post-2783","page","type-page","status-publish","hentry"],"yoast_head":"<!-- This site is optimized with the Yoast SEO Premium plugin v26.4 (Yoast SEO v26.8) - https:\/\/yoast.com\/product\/yoast-seo-premium-wordpress\/ -->\n<title>G\u00e4rtnern Am Balkon muss nicht schwer sein! - Nettes Stadtgarten<\/title>\n<meta name=\"description\" content=\"G\u00e4rtner am Balkon muss nicht schwer sein - wenn man alle Infos kompakt vor sich hat. So wie in diesem Balkonkalender - holt ihn euch!\" \/>\n<meta name=\"robots\" content=\"index, follow, max-snippet:-1, max-image-preview:large, max-video-preview:-1\" \/>\n<link rel=\"canonical\" href=\"https:\/\/urban-gardening-blog.de\/Blog\/infothek\/vorlagen\/balkonkalender\/\" \/>\n<meta property=\"og:locale\" content=\"de_DE\" \/>\n<meta property=\"og:type\" content=\"article\" \/>\n<meta property=\"og:title\" content=\"G\u00e4rtnern Am Balkon muss nicht schwer sein!\" \/>\n<meta property=\"og:description\" content=\"G\u00e4rtner am Balkon muss nicht schwer sein - wenn man alle Infos kompakt vor sich hat. So wie in diesem Balkonkalender - holt ihn euch!\" \/>\n<meta property=\"og:url\" content=\"https:\/\/urban-gardening-blog.de\/Blog\/infothek\/vorlagen\/balkonkalender\/\" \/>\n<meta property=\"og:site_name\" content=\"Nettes Stadtgarten\" \/>\n<meta property=\"article:modified_time\" content=\"2025-01-22T11:23:40+00:00\" \/>\n<meta property=\"og:image\" content=\"https:\/\/urban-gardening-blog.de\/Blog\/wp-content\/uploads\/2024\/12\/Salespage-Balkonkalender-1.png\" \/>\n\t<meta property=\"og:image:width\" content=\"1080\" \/>\n\t<meta property=\"og:image:height\" content=\"737\" \/>\n\t<meta property=\"og:image:type\" content=\"image\/png\" \/>\n<meta name=\"twitter:card\" content=\"summary_large_image\" \/>\n<meta name=\"twitter:label1\" content=\"Gesch\u00e4tzte Lesezeit\" \/>\n\t<meta name=\"twitter:data1\" content=\"2\u00a0Minuten\" \/>\n<script type=\"application\/ld+json\" class=\"yoast-schema-graph\">{\"@context\":\"https:\/\/schema.org\",\"@graph\":[{\"@type\":\"WebPage\",\"@id\":\"https:\/\/urban-gardening-blog.de\/Blog\/infothek\/vorlagen\/balkonkalender\/\",\"url\":\"https:\/\/urban-gardening-blog.de\/Blog\/infothek\/vorlagen\/balkonkalender\/\",\"name\":\"G\u00e4rtnern Am Balkon muss nicht schwer sein! - Nettes Stadtgarten\",\"isPartOf\":{\"@id\":\"https:\/\/urban-gardening-blog.de\/Blog\/#website\"},\"primaryImageOfPage\":{\"@id\":\"https:\/\/urban-gardening-blog.de\/Blog\/infothek\/vorlagen\/balkonkalender\/#primaryimage\"},\"image\":{\"@id\":\"https:\/\/urban-gardening-blog.de\/Blog\/infothek\/vorlagen\/balkonkalender\/#primaryimage\"},\"thumbnailUrl\":\"https:\/\/urban-gardening-blog.de\/Blog\/wp-content\/uploads\/2024\/12\/Salespage-Balkonkalender-1-1024x699.png\",\"datePublished\":\"2025-01-07T09:19:35+00:00\",\"dateModified\":\"2025-01-22T11:23:40+00:00\",\"description\":\"G\u00e4rtner am Balkon muss nicht schwer sein - wenn man alle Infos kompakt vor sich hat. So wie in diesem Balkonkalender - holt ihn euch!\",\"breadcrumb\":{\"@id\":\"https:\/\/urban-gardening-blog.de\/Blog\/infothek\/vorlagen\/balkonkalender\/#breadcrumb\"},\"inLanguage\":\"de\",\"potentialAction\":[{\"@type\":\"ReadAction\",\"target\":[\"https:\/\/urban-gardening-blog.de\/Blog\/infothek\/vorlagen\/balkonkalender\/\"]}]},{\"@type\":\"ImageObject\",\"inLanguage\":\"de\",\"@id\":\"https:\/\/urban-gardening-blog.de\/Blog\/infothek\/vorlagen\/balkonkalender\/#primaryimage\",\"url\":\"https:\/\/urban-gardening-blog.de\/Blog\/wp-content\/uploads\/2024\/12\/Salespage-Balkonkalender-1.png\",\"contentUrl\":\"https:\/\/urban-gardening-blog.de\/Blog\/wp-content\/uploads\/2024\/12\/Salespage-Balkonkalender-1.png\",\"width\":1080,\"height\":737},{\"@type\":\"BreadcrumbList\",\"@id\":\"https:\/\/urban-gardening-blog.de\/Blog\/infothek\/vorlagen\/balkonkalender\/#breadcrumb\",\"itemListElement\":[{\"@type\":\"ListItem\",\"position\":1,\"name\":\"Startseite\",\"item\":\"https:\/\/urban-gardening-blog.de\/Blog\/\"},{\"@type\":\"ListItem\",\"position\":2,\"name\":\"Infothek\",\"item\":\"https:\/\/urban-gardening-blog.de\/Blog\/infothek\/\"},{\"@type\":\"ListItem\",\"position\":3,\"name\":\"Vorlagen &#038; mehr\",\"item\":\"https:\/\/urban-gardening-blog.de\/Blog\/infothek\/vorlagen\/\"},{\"@type\":\"ListItem\",\"position\":4,\"name\":\"G\u00e4rtnern Am Balkon muss nicht schwer sein!\"}]},{\"@type\":\"WebSite\",\"@id\":\"https:\/\/urban-gardening-blog.de\/Blog\/#website\",\"url\":\"https:\/\/urban-gardening-blog.de\/Blog\/\",\"name\":\"Nettes Stadtgarten\",\"description\":\"\",\"publisher\":{\"@id\":\"https:\/\/urban-gardening-blog.de\/Blog\/#\/schema\/person\/c13187a6abcdab35fb6cc9632cb49b56\"},\"potentialAction\":[{\"@type\":\"SearchAction\",\"target\":{\"@type\":\"EntryPoint\",\"urlTemplate\":\"https:\/\/urban-gardening-blog.de\/Blog\/?s={search_term_string}\"},\"query-input\":{\"@type\":\"PropertyValueSpecification\",\"valueRequired\":true,\"valueName\":\"search_term_string\"}}],\"inLanguage\":\"de\"},{\"@type\":[\"Person\",\"Organization\"],\"@id\":\"https:\/\/urban-gardening-blog.de\/Blog\/#\/schema\/person\/c13187a6abcdab35fb6cc9632cb49b56\",\"name\":\"Nette\",\"image\":{\"@type\":\"ImageObject\",\"inLanguage\":\"de\",\"@id\":\"https:\/\/urban-gardening-blog.de\/Blog\/#\/schema\/person\/image\/\",\"url\":\"https:\/\/urban-gardening-blog.de\/Blog\/wp-content\/uploads\/2025\/01\/cropped-NSG_Logo_Neu.png\",\"contentUrl\":\"https:\/\/urban-gardening-blog.de\/Blog\/wp-content\/uploads\/2025\/01\/cropped-NSG_Logo_Neu.png\",\"width\":512,\"height\":512,\"caption\":\"Nette\"},\"logo\":{\"@id\":\"https:\/\/urban-gardening-blog.de\/Blog\/#\/schema\/person\/image\/\"}}]}<\/script>\n<!-- \/ Yoast SEO Premium plugin. -->","yoast_head_json":{"title":"G\u00e4rtnern Am Balkon muss nicht schwer sein! - Nettes Stadtgarten","description":"G\u00e4rtner am Balkon muss nicht schwer sein - wenn man alle Infos kompakt vor sich hat. So wie in diesem Balkonkalender - holt ihn euch!","robots":{"index":"index","follow":"follow","max-snippet":"max-snippet:-1","max-image-preview":"max-image-preview:large","max-video-preview":"max-video-preview:-1"},"canonical":"https:\/\/urban-gardening-blog.de\/Blog\/infothek\/vorlagen\/balkonkalender\/","og_locale":"de_DE","og_type":"article","og_title":"G\u00e4rtnern Am Balkon muss nicht schwer sein!","og_description":"G\u00e4rtner am Balkon muss nicht schwer sein - wenn man alle Infos kompakt vor sich hat. So wie in diesem Balkonkalender - holt ihn euch!","og_url":"https:\/\/urban-gardening-blog.de\/Blog\/infothek\/vorlagen\/balkonkalender\/","og_site_name":"Nettes Stadtgarten","article_modified_time":"2025-01-22T11:23:40+00:00","og_image":[{"width":1080,"height":737,"url":"https:\/\/urban-gardening-blog.de\/Blog\/wp-content\/uploads\/2024\/12\/Salespage-Balkonkalender-1.png","type":"image\/png"}],"twitter_card":"summary_large_image","twitter_misc":{"Gesch\u00e4tzte Lesezeit":"2\u00a0Minuten"},"schema":{"@context":"https:\/\/schema.org","@graph":[{"@type":"WebPage","@id":"https:\/\/urban-gardening-blog.de\/Blog\/infothek\/vorlagen\/balkonkalender\/","url":"https:\/\/urban-gardening-blog.de\/Blog\/infothek\/vorlagen\/balkonkalender\/","name":"G\u00e4rtnern Am Balkon muss nicht schwer sein! - Nettes Stadtgarten","isPartOf":{"@id":"https:\/\/urban-gardening-blog.de\/Blog\/#website"},"primaryImageOfPage":{"@id":"https:\/\/urban-gardening-blog.de\/Blog\/infothek\/vorlagen\/balkonkalender\/#primaryimage"},"image":{"@id":"https:\/\/urban-gardening-blog.de\/Blog\/infothek\/vorlagen\/balkonkalender\/#primaryimage"},"thumbnailUrl":"https:\/\/urban-gardening-blog.de\/Blog\/wp-content\/uploads\/2024\/12\/Salespage-Balkonkalender-1-1024x699.png","datePublished":"2025-01-07T09:19:35+00:00","dateModified":"2025-01-22T11:23:40+00:00","description":"G\u00e4rtner am Balkon muss nicht schwer sein - wenn man alle Infos kompakt vor sich hat. So wie in diesem Balkonkalender - holt ihn euch!","breadcrumb":{"@id":"https:\/\/urban-gardening-blog.de\/Blog\/infothek\/vorlagen\/balkonkalender\/#breadcrumb"},"inLanguage":"de","potentialAction":[{"@type":"ReadAction","target":["https:\/\/urban-gardening-blog.de\/Blog\/infothek\/vorlagen\/balkonkalender\/"]}]},{"@type":"ImageObject","inLanguage":"de","@id":"https:\/\/urban-gardening-blog.de\/Blog\/infothek\/vorlagen\/balkonkalender\/#primaryimage","url":"https:\/\/urban-gardening-blog.de\/Blog\/wp-content\/uploads\/2024\/12\/Salespage-Balkonkalender-1.png","contentUrl":"https:\/\/urban-gardening-blog.de\/Blog\/wp-content\/uploads\/2024\/12\/Salespage-Balkonkalender-1.png","width":1080,"height":737},{"@type":"BreadcrumbList","@id":"https:\/\/urban-gardening-blog.de\/Blog\/infothek\/vorlagen\/balkonkalender\/#breadcrumb","itemListElement":[{"@type":"ListItem","position":1,"name":"Startseite","item":"https:\/\/urban-gardening-blog.de\/Blog\/"},{"@type":"ListItem","position":2,"name":"Infothek","item":"https:\/\/urban-gardening-blog.de\/Blog\/infothek\/"},{"@type":"ListItem","position":3,"name":"Vorlagen &#038; mehr","item":"https:\/\/urban-gardening-blog.de\/Blog\/infothek\/vorlagen\/"},{"@type":"ListItem","position":4,"name":"G\u00e4rtnern Am Balkon muss nicht schwer sein!"}]},{"@type":"WebSite","@id":"https:\/\/urban-gardening-blog.de\/Blog\/#website","url":"https:\/\/urban-gardening-blog.de\/Blog\/","name":"Nettes Stadtgarten","description":"","publisher":{"@id":"https:\/\/urban-gardening-blog.de\/Blog\/#\/schema\/person\/c13187a6abcdab35fb6cc9632cb49b56"},"potentialAction":[{"@type":"SearchAction","target":{"@type":"EntryPoint","urlTemplate":"https:\/\/urban-gardening-blog.de\/Blog\/?s={search_term_string}"},"query-input":{"@type":"PropertyValueSpecification","valueRequired":true,"valueName":"search_term_string"}}],"inLanguage":"de"},{"@type":["Person","Organization"],"@id":"https:\/\/urban-gardening-blog.de\/Blog\/#\/schema\/person\/c13187a6abcdab35fb6cc9632cb49b56","name":"Nette","image":{"@type":"ImageObject","inLanguage":"de","@id":"https:\/\/urban-gardening-blog.de\/Blog\/#\/schema\/person\/image\/","url":"https:\/\/urban-gardening-blog.de\/Blog\/wp-content\/uploads\/2025\/01\/cropped-NSG_Logo_Neu.png","contentUrl":"https:\/\/urban-gardening-blog.de\/Blog\/wp-content\/uploads\/2025\/01\/cropped-NSG_Logo_Neu.png","width":512,"height":512,"caption":"Nette"},"logo":{"@id":"https:\/\/urban-gardening-blog.de\/Blog\/#\/schema\/person\/image\/"}}]}},"_links":{"self":[{"href":"https:\/\/urban-gardening-blog.de\/Blog\/wp-json\/wp\/v2\/pages\/2783","targetHints":{"allow":["GET"]}}],"collection":[{"href":"https:\/\/urban-gardening-blog.de\/Blog\/wp-json\/wp\/v2\/pages"}],"about":[{"href":"https:\/\/urban-gardening-blog.de\/Blog\/wp-json\/wp\/v2\/types\/page"}],"author":[{"embeddable":true,"href":"https:\/\/urban-gardening-blog.de\/Blog\/wp-json\/wp\/v2\/users\/1"}],"replies":[{"embeddable":true,"href":"https:\/\/urban-gardening-blog.de\/Blog\/wp-json\/wp\/v2\/comments?post=2783"}],"version-history":[{"count":1,"href":"https:\/\/urban-gardening-blog.de\/Blog\/wp-json\/wp\/v2\/pages\/2783\/revisions"}],"predecessor-version":[{"id":2849,"href":"https:\/\/urban-gardening-blog.de\/Blog\/wp-json\/wp\/v2\/pages\/2783\/revisions\/2849"}],"up":[{"embeddable":true,"href":"https:\/\/urban-gardening-blog.de\/Blog\/wp-json\/wp\/v2\/pages\/53"}],"wp:attachment":[{"href":"https:\/\/urban-gardening-blog.de\/Blog\/wp-json\/wp\/v2\/media?parent=2783"}],"curies":[{"name":"wp","href":"https:\/\/api.w.org\/{rel}","templated":true}]}}