{"id":1933,"date":"2021-08-24T14:43:02","date_gmt":"2021-08-24T12:43:02","guid":{"rendered":"https:\/\/urban-gardening-blog.de\/Blog\/?page_id=1933"},"modified":"2025-01-02T20:31:28","modified_gmt":"2025-01-02T19:31:28","slug":"ebooks-kurzguides","status":"publish","type":"page","link":"https:\/\/urban-gardening-blog.de\/Blog\/ebooks-kurzguides\/","title":{"rendered":"eBooks &#038; Kurzguides"},"content":{"rendered":"\n<p>Im www kann man ja mittlerweile (fast) alles finden. Aber welche Informationen sind wirklich gut und korrekt? Und ist es nicht manchmal m\u00fchsam alles von verschiedensten Seiten zusammen zu suchen? F\u00fcr mich zumindest schon.  Deshalb habe ich angefangen alle zusammengetragenen Informationen und auch meine eigenen Erfahrungen sinnvoll zusammen zu schreiben. Und das m\u00f6chte ich gerne mit euch teilen &#8211; in eBooks &amp; Kurzguides. Damit ihr nicht &#8211; wie ich &#8211; zu viel Zeit mit Informationen sammeln im Internet verschwenden m\u00fcsst.<\/p>\n\n\n\n<h2 class=\"wp-block-heading\"><mark style=\"background-color:rgba(0, 0, 0, 0)\" class=\"has-inline-color has-vivid-red-color\">Kurzguide zum Tomatenanbau am Balkon<\/mark><\/h2>\n\n\n\n<p>Ihr wollt Tomaten am Balkon anbauen und wisst noch nicht genau wie. Oder habt vielleicht schon schlechte Erfahrungen gemacht. In meinem Kurzguide findet ihr auf 2 Seiten zusammen gefasst alle wichtigen Informationen damit der Tomatenanbau am Balkon zum Erfolg wird. Inklusive ein paar Tipps zu Sorten, die ich meinen Jahren als Balkong\u00e4rtner besonders erfolgreich anbauen konnte. Holt euch den kostenlosen Kurzguide!<\/p>\n\n\n\n<div data-wp-interactive=\"core\/file\" class=\"wp-block-file\"><object data-wp-bind--hidden=\"!state.hasPdfPreview\" hidden class=\"wp-block-file__embed\" data=\"https:\/\/urban-gardening-blog.de\/Blog\/wp-content\/uploads\/2023\/04\/Kurzguide-Tomatenanbau-am-Balkon.pdf\" type=\"application\/pdf\" style=\"width:100%;height:260px\" aria-label=\"Einbettung von &lt;mark style=&quot;background-color:rgba(0, 0, 0, 0)&quot; class=&quot;has-inline-color has-vivid-red-color&quot;&gt;Kurzguide-Tomatenanbau-am-Balkon&lt;\/mark&gt;.\"><\/object><a id=\"wp-block-file--media-b0bae9ee-223f-4f86-8845-119646e10d97\" href=\"https:\/\/urban-gardening-blog.de\/Blog\/wp-content\/uploads\/2023\/04\/Kurzguide-Tomatenanbau-am-Balkon.pdf\"><mark style=\"background-color:rgba(0, 0, 0, 0)\" class=\"has-inline-color has-vivid-red-color\">Kurzguide-Tomatenanbau-am-Balkon<\/mark><\/a><a href=\"https:\/\/urban-gardening-blog.de\/Blog\/wp-content\/uploads\/2023\/04\/Kurzguide-Tomatenanbau-am-Balkon.pdf\" class=\"wp-block-file__button wp-element-button\" download aria-describedby=\"wp-block-file--media-b0bae9ee-223f-4f86-8845-119646e10d97\">Herunterladen<\/a><\/div>\n\n\n\n<p><\/p>\n\n\n\n<h2 class=\"wp-block-heading\"><mark style=\"background-color:rgba(0, 0, 0, 0)\" class=\"has-inline-color has-vivid-red-color\">Das Buch f\u00fcr Balkong\u00e4rtner<\/mark><\/h2>\n\n\n\n<p><strong>Coming soon&#8230;..<\/strong> Bald ist es soweit und ihr k\u00f6nnt mein neues Buch zum Balkong\u00e4rtnern herunterladen. Kompakt und trotzdem mit allen Infos und vielen Tipps die ihr Neueinsteiger oder auch mit wenig Erfahrung im Balkong\u00e4rtnern. braucht. Alles nat\u00fcrlich zugeschnitten auf das G\u00e4rtnern mit wenig Platz (und Zeit) in T\u00f6pfen, am Balkon und sogar auf der Fensterbank.<\/p>\n\n\n\n<p>Ihr wollt informiert werden wenn es soweit ist? Dann holt euch meinen Newsletter.<\/p>\n\n\n\n<h2 class=\"wp-block-heading\">Newsletter<\/h2>\n\n\n\n<p>Ihr wollt zus\u00e4tzlich regelm\u00e4\u00dfige neue Informationen, Tipps &amp; Tricks erhalten? Und Rezepte und naturheilkundliche Tipps dazu? Dann meldet euch zu meinem Newsletter an: <a href=\"https:\/\/urban-gardening-blog.de\/Blog\/newsletter-anmeldung\/\" target=\"_blank\" rel=\"noreferrer noopener\"><span class=\"has-inline-color has-vivid-red-color\"><strong>Anmeldung hier.<\/strong><\/span><\/a><\/p>\n","protected":false},"excerpt":{"rendered":"<p>Im www kann man ja mittlerweile (fast) alles finden. Aber welche Informationen sind wirklich gut und korrekt? Und ist es nicht manchmal m\u00fchsam alles von verschiedensten Seiten zusammen zu suchen? F\u00fcr mich zumindest schon. Deshalb habe ich angefangen alle zusammengetragenen Informationen und auch meine eigenen Erfahrungen sinnvoll zusammen zu schreiben. Und das m\u00f6chte ich gerne <a class=\"continue\" href=\"https:\/\/urban-gardening-blog.de\/Blog\/ebooks-kurzguides\/\">[Continue]<\/a><\/p>\n","protected":false},"author":1,"featured_media":0,"parent":0,"menu_order":0,"comment_status":"closed","ping_status":"closed","template":"","meta":{"_lmt_disableupdate":"no","_lmt_disable":"","footnotes":"","_wp_rev_ctl_limit":"2"},"class_list":["post-1933","page","type-page","status-publish","hentry"],"yoast_head":"<!-- This site is optimized with the Yoast SEO Premium plugin v26.4 (Yoast SEO v26.8) - https:\/\/yoast.com\/product\/yoast-seo-premium-wordpress\/ -->\n<title>eBooks &amp; Kurzguides - Nettes Stadtgarten<\/title>\n<meta name=\"description\" content=\"Ihr wollt g\u00e4rtnern am Balkon, aber euch fehlt das Wissen? Hier findet ihr meine eBooks und Kurzguides - Wissen kompakt!\" \/>\n<meta name=\"robots\" content=\"index, follow, max-snippet:-1, max-image-preview:large, max-video-preview:-1\" \/>\n<link rel=\"canonical\" href=\"https:\/\/urban-gardening-blog.de\/Blog\/ebooks-kurzguides\/\" \/>\n<meta property=\"og:locale\" content=\"de_DE\" \/>\n<meta property=\"og:type\" content=\"article\" \/>\n<meta property=\"og:title\" content=\"eBooks &amp; Kurzguides\" \/>\n<meta property=\"og:description\" content=\"Ihr wollt g\u00e4rtnern am Balkon, aber euch fehlt das Wissen? Hier findet ihr meine eBooks und Kurzguides - Wissen kompakt!\" \/>\n<meta property=\"og:url\" content=\"https:\/\/urban-gardening-blog.de\/Blog\/ebooks-kurzguides\/\" \/>\n<meta property=\"og:site_name\" content=\"Nettes Stadtgarten\" \/>\n<meta property=\"article:modified_time\" content=\"2025-01-02T19:31:28+00:00\" \/>\n<meta name=\"twitter:card\" content=\"summary_large_image\" \/>\n<meta name=\"twitter:label1\" content=\"Gesch\u00e4tzte Lesezeit\" \/>\n\t<meta name=\"twitter:data1\" content=\"2\u00a0Minuten\" \/>\n<script type=\"application\/ld+json\" class=\"yoast-schema-graph\">{\"@context\":\"https:\/\/schema.org\",\"@graph\":[{\"@type\":\"WebPage\",\"@id\":\"https:\/\/urban-gardening-blog.de\/Blog\/ebooks-kurzguides\/\",\"url\":\"https:\/\/urban-gardening-blog.de\/Blog\/ebooks-kurzguides\/\",\"name\":\"eBooks & Kurzguides - Nettes Stadtgarten\",\"isPartOf\":{\"@id\":\"https:\/\/urban-gardening-blog.de\/Blog\/#website\"},\"datePublished\":\"2021-08-24T12:43:02+00:00\",\"dateModified\":\"2025-01-02T19:31:28+00:00\",\"description\":\"Ihr wollt g\u00e4rtnern am Balkon, aber euch fehlt das Wissen? Hier findet ihr meine eBooks und Kurzguides - Wissen kompakt!\",\"breadcrumb\":{\"@id\":\"https:\/\/urban-gardening-blog.de\/Blog\/ebooks-kurzguides\/#breadcrumb\"},\"inLanguage\":\"de\",\"potentialAction\":[{\"@type\":\"ReadAction\",\"target\":[\"https:\/\/urban-gardening-blog.de\/Blog\/ebooks-kurzguides\/\"]}]},{\"@type\":\"BreadcrumbList\",\"@id\":\"https:\/\/urban-gardening-blog.de\/Blog\/ebooks-kurzguides\/#breadcrumb\",\"itemListElement\":[{\"@type\":\"ListItem\",\"position\":1,\"name\":\"Startseite\",\"item\":\"https:\/\/urban-gardening-blog.de\/Blog\/\"},{\"@type\":\"ListItem\",\"position\":2,\"name\":\"eBooks &#038; Kurzguides\"}]},{\"@type\":\"WebSite\",\"@id\":\"https:\/\/urban-gardening-blog.de\/Blog\/#website\",\"url\":\"https:\/\/urban-gardening-blog.de\/Blog\/\",\"name\":\"Nettes Stadtgarten\",\"description\":\"\",\"publisher\":{\"@id\":\"https:\/\/urban-gardening-blog.de\/Blog\/#\/schema\/person\/c13187a6abcdab35fb6cc9632cb49b56\"},\"potentialAction\":[{\"@type\":\"SearchAction\",\"target\":{\"@type\":\"EntryPoint\",\"urlTemplate\":\"https:\/\/urban-gardening-blog.de\/Blog\/?s={search_term_string}\"},\"query-input\":{\"@type\":\"PropertyValueSpecification\",\"valueRequired\":true,\"valueName\":\"search_term_string\"}}],\"inLanguage\":\"de\"},{\"@type\":[\"Person\",\"Organization\"],\"@id\":\"https:\/\/urban-gardening-blog.de\/Blog\/#\/schema\/person\/c13187a6abcdab35fb6cc9632cb49b56\",\"name\":\"Nette\",\"image\":{\"@type\":\"ImageObject\",\"inLanguage\":\"de\",\"@id\":\"https:\/\/urban-gardening-blog.de\/Blog\/#\/schema\/person\/image\/\",\"url\":\"https:\/\/urban-gardening-blog.de\/Blog\/wp-content\/uploads\/2025\/01\/cropped-NSG_Logo_Neu.png\",\"contentUrl\":\"https:\/\/urban-gardening-blog.de\/Blog\/wp-content\/uploads\/2025\/01\/cropped-NSG_Logo_Neu.png\",\"width\":512,\"height\":512,\"caption\":\"Nette\"},\"logo\":{\"@id\":\"https:\/\/urban-gardening-blog.de\/Blog\/#\/schema\/person\/image\/\"}}]}<\/script>\n<!-- \/ Yoast SEO Premium plugin. -->","yoast_head_json":{"title":"eBooks & Kurzguides - Nettes Stadtgarten","description":"Ihr wollt g\u00e4rtnern am Balkon, aber euch fehlt das Wissen? Hier findet ihr meine eBooks und Kurzguides - Wissen kompakt!","robots":{"index":"index","follow":"follow","max-snippet":"max-snippet:-1","max-image-preview":"max-image-preview:large","max-video-preview":"max-video-preview:-1"},"canonical":"https:\/\/urban-gardening-blog.de\/Blog\/ebooks-kurzguides\/","og_locale":"de_DE","og_type":"article","og_title":"eBooks & Kurzguides","og_description":"Ihr wollt g\u00e4rtnern am Balkon, aber euch fehlt das Wissen? Hier findet ihr meine eBooks und Kurzguides - Wissen kompakt!","og_url":"https:\/\/urban-gardening-blog.de\/Blog\/ebooks-kurzguides\/","og_site_name":"Nettes Stadtgarten","article_modified_time":"2025-01-02T19:31:28+00:00","twitter_card":"summary_large_image","twitter_misc":{"Gesch\u00e4tzte Lesezeit":"2\u00a0Minuten"},"schema":{"@context":"https:\/\/schema.org","@graph":[{"@type":"WebPage","@id":"https:\/\/urban-gardening-blog.de\/Blog\/ebooks-kurzguides\/","url":"https:\/\/urban-gardening-blog.de\/Blog\/ebooks-kurzguides\/","name":"eBooks & Kurzguides - Nettes Stadtgarten","isPartOf":{"@id":"https:\/\/urban-gardening-blog.de\/Blog\/#website"},"datePublished":"2021-08-24T12:43:02+00:00","dateModified":"2025-01-02T19:31:28+00:00","description":"Ihr wollt g\u00e4rtnern am Balkon, aber euch fehlt das Wissen? Hier findet ihr meine eBooks und Kurzguides - Wissen kompakt!","breadcrumb":{"@id":"https:\/\/urban-gardening-blog.de\/Blog\/ebooks-kurzguides\/#breadcrumb"},"inLanguage":"de","potentialAction":[{"@type":"ReadAction","target":["https:\/\/urban-gardening-blog.de\/Blog\/ebooks-kurzguides\/"]}]},{"@type":"BreadcrumbList","@id":"https:\/\/urban-gardening-blog.de\/Blog\/ebooks-kurzguides\/#breadcrumb","itemListElement":[{"@type":"ListItem","position":1,"name":"Startseite","item":"https:\/\/urban-gardening-blog.de\/Blog\/"},{"@type":"ListItem","position":2,"name":"eBooks &#038; Kurzguides"}]},{"@type":"WebSite","@id":"https:\/\/urban-gardening-blog.de\/Blog\/#website","url":"https:\/\/urban-gardening-blog.de\/Blog\/","name":"Nettes Stadtgarten","description":"","publisher":{"@id":"https:\/\/urban-gardening-blog.de\/Blog\/#\/schema\/person\/c13187a6abcdab35fb6cc9632cb49b56"},"potentialAction":[{"@type":"SearchAction","target":{"@type":"EntryPoint","urlTemplate":"https:\/\/urban-gardening-blog.de\/Blog\/?s={search_term_string}"},"query-input":{"@type":"PropertyValueSpecification","valueRequired":true,"valueName":"search_term_string"}}],"inLanguage":"de"},{"@type":["Person","Organization"],"@id":"https:\/\/urban-gardening-blog.de\/Blog\/#\/schema\/person\/c13187a6abcdab35fb6cc9632cb49b56","name":"Nette","image":{"@type":"ImageObject","inLanguage":"de","@id":"https:\/\/urban-gardening-blog.de\/Blog\/#\/schema\/person\/image\/","url":"https:\/\/urban-gardening-blog.de\/Blog\/wp-content\/uploads\/2025\/01\/cropped-NSG_Logo_Neu.png","contentUrl":"https:\/\/urban-gardening-blog.de\/Blog\/wp-content\/uploads\/2025\/01\/cropped-NSG_Logo_Neu.png","width":512,"height":512,"caption":"Nette"},"logo":{"@id":"https:\/\/urban-gardening-blog.de\/Blog\/#\/schema\/person\/image\/"}}]}},"_links":{"self":[{"href":"https:\/\/urban-gardening-blog.de\/Blog\/wp-json\/wp\/v2\/pages\/1933","targetHints":{"allow":["GET"]}}],"collection":[{"href":"https:\/\/urban-gardening-blog.de\/Blog\/wp-json\/wp\/v2\/pages"}],"about":[{"href":"https:\/\/urban-gardening-blog.de\/Blog\/wp-json\/wp\/v2\/types\/page"}],"author":[{"embeddable":true,"href":"https:\/\/urban-gardening-blog.de\/Blog\/wp-json\/wp\/v2\/users\/1"}],"replies":[{"embeddable":true,"href":"https:\/\/urban-gardening-blog.de\/Blog\/wp-json\/wp\/v2\/comments?post=1933"}],"version-history":[{"count":2,"href":"https:\/\/urban-gardening-blog.de\/Blog\/wp-json\/wp\/v2\/pages\/1933\/revisions"}],"predecessor-version":[{"id":2796,"href":"https:\/\/urban-gardening-blog.de\/Blog\/wp-json\/wp\/v2\/pages\/1933\/revisions\/2796"}],"wp:attachment":[{"href":"https:\/\/urban-gardening-blog.de\/Blog\/wp-json\/wp\/v2\/media?parent=1933"}],"curies":[{"name":"wp","href":"https:\/\/api.w.org\/{rel}","templated":true}]}}