{"id":1533,"date":"2021-01-27T14:22:19","date_gmt":"2021-01-27T13:22:19","guid":{"rendered":"http:\/\/urban-gardening-blog.de\/Blog\/?page_id=1533"},"modified":"2025-10-14T13:02:10","modified_gmt":"2025-10-14T11:02:10","slug":"newsletter-anmeldung","status":"publish","type":"page","link":"https:\/\/urban-gardening-blog.de\/Blog\/newsletter-anmeldung\/","title":{"rendered":"Newsletter"},"content":{"rendered":"\n<p>Du m\u00f6chtest auf dem Laufenden bleiben und regelm\u00e4\u00dfig Neuigkeiten zum Thema <strong><mark style=\"background-color:rgba(0, 0, 0, 0)\" class=\"has-inline-color has-vivid-red-color\">Balkong\u00e4rtnern<\/mark><\/strong> erhalten?<br>Tipps zum <strong><mark style=\"background-color:rgba(0, 0, 0, 0)\" class=\"has-inline-color has-vivid-red-color\">familienfreundlichen Kochen <\/mark><\/strong>und <strong><mark style=\"background-color:rgba(0, 0, 0, 0)\" class=\"has-inline-color has-vivid-red-color\">Naturheilkunde<\/mark><\/strong> noch dazu?<\/p>\n\n\n\n<p>Dann hole dir hier meinen Newsletter.<\/p>\n\n\n\n<p class=\"has-text-align-center\"><mark style=\"background-color:#d1f3bd;color:#154c08\" class=\"has-inline-color\">Als <strong>Bonus<\/strong> f\u00fcr deine Anmeldung bekommst du meine <strong>Mischkulturtabelle speziell f\u00fcr Topfg\u00e4rtner<\/strong> &#8211; exklusiv nur f\u00fcr Newsletterabonennten.<\/mark><\/p>\n\n\n\n<iframe loading=\"lazy\" width=\"540\" height=\"580\" src=\"https:\/\/bdcd42e3.sibforms.com\/serve\/MUIFAK1Vn6ZlefIJie1yMEHo_Je0tEFsrdFdX6sBoXq3MONS8Fu_CXdP4VdUW_ef0yMTPT50-vcotXwwnY8XypRfCf8Wis5PeOynVqsVumOWNY7ALOfDL6Cx-DZnSeqPq5Vzh4jq_L0HuTSX6w4OnoGpyGFE8b95q2jq_hsKzbNe0mP0QRu_JrDISzYJZ1sqHifd92C6tHQHcVoy\" frameborder=\"0\" scrolling=\"auto\" allowfullscreen style=\"display: block;margin-left: auto;margin-right: auto;max-width: 100%;\"><\/iframe>\n\n\n\n<div class=\"wp-block-columns is-layout-flex wp-container-core-columns-is-layout-9d6595d7 wp-block-columns-is-layout-flex\">\n<div class=\"wp-block-column is-layout-flow wp-block-column-is-layout-flow\" style=\"flex-basis:100%\">\n<figure class=\"wp-block-gallery has-nested-images columns-default is-cropped wp-block-gallery-1 is-layout-flex wp-block-gallery-is-layout-flex\">\n<figure class=\"wp-block-image size-large\"><img loading=\"lazy\" decoding=\"async\" width=\"734\" height=\"933\" data-id=\"2507\" src=\"https:\/\/urban-gardening-blog.de\/Blog\/wp-content\/uploads\/2023\/04\/Sister-Keys.jpg\" alt=\"\" class=\"wp-image-2507\" srcset=\"https:\/\/urban-gardening-blog.de\/Blog\/wp-content\/uploads\/2023\/04\/Sister-Keys.jpg 734w, https:\/\/urban-gardening-blog.de\/Blog\/wp-content\/uploads\/2023\/04\/Sister-Keys-236x300.jpg 236w\" sizes=\"auto, (max-width: 734px) 100vw, 734px\" \/><\/figure>\n\n\n\n<figure class=\"wp-block-image size-large\"><img loading=\"lazy\" decoding=\"async\" width=\"768\" height=\"1024\" data-id=\"2306\" src=\"https:\/\/urban-gardening-blog.de\/Blog\/wp-content\/uploads\/2022\/02\/Ringelblumenbluetentee-768x1024.jpg\" alt=\"\" class=\"wp-image-2306\" srcset=\"https:\/\/urban-gardening-blog.de\/Blog\/wp-content\/uploads\/2022\/02\/Ringelblumenbluetentee-768x1024.jpg 768w, https:\/\/urban-gardening-blog.de\/Blog\/wp-content\/uploads\/2022\/02\/Ringelblumenbluetentee-225x300.jpg 225w, https:\/\/urban-gardening-blog.de\/Blog\/wp-content\/uploads\/2022\/02\/Ringelblumenbluetentee-1152x1536.jpg 1152w, https:\/\/urban-gardening-blog.de\/Blog\/wp-content\/uploads\/2022\/02\/Ringelblumenbluetentee-1536x2048.jpg 1536w, https:\/\/urban-gardening-blog.de\/Blog\/wp-content\/uploads\/2022\/02\/Ringelblumenbluetentee-scaled.jpg 1920w\" sizes=\"auto, (max-width: 768px) 100vw, 768px\" \/><\/figure>\n\n\n\n<figure class=\"wp-block-image size-large\"><img loading=\"lazy\" decoding=\"async\" width=\"1024\" height=\"873\" data-id=\"2511\" src=\"https:\/\/urban-gardening-blog.de\/Blog\/wp-content\/uploads\/2023\/04\/Schwarze-Balkontomate-1024x873.jpg\" alt=\"\" class=\"wp-image-2511\" srcset=\"https:\/\/urban-gardening-blog.de\/Blog\/wp-content\/uploads\/2023\/04\/Schwarze-Balkontomate-1024x873.jpg 1024w, https:\/\/urban-gardening-blog.de\/Blog\/wp-content\/uploads\/2023\/04\/Schwarze-Balkontomate-300x256.jpg 300w, https:\/\/urban-gardening-blog.de\/Blog\/wp-content\/uploads\/2023\/04\/Schwarze-Balkontomate-768x655.jpg 768w, https:\/\/urban-gardening-blog.de\/Blog\/wp-content\/uploads\/2023\/04\/Schwarze-Balkontomate.jpg 1206w\" sizes=\"auto, (max-width: 1024px) 100vw, 1024px\" \/><\/figure>\n<\/figure>\n\n\n\n<p><\/p>\n<\/div>\n<\/div>\n","protected":false},"excerpt":{"rendered":"<p>Du m\u00f6chtest auf dem Laufenden bleiben und regelm\u00e4\u00dfig Neuigkeiten zum Thema Balkong\u00e4rtnern erhalten?Tipps zum familienfreundlichen Kochen und Naturheilkunde noch dazu? Dann hole dir hier meinen Newsletter. Als Bonus f\u00fcr deine Anmeldung bekommst du meine Mischkulturtabelle speziell f\u00fcr Topfg\u00e4rtner &#8211; exklusiv nur f\u00fcr Newsletterabonennten.<\/p>\n","protected":false},"author":1,"featured_media":0,"parent":0,"menu_order":0,"comment_status":"closed","ping_status":"closed","template":"","meta":{"_lmt_disableupdate":"no","_lmt_disable":"","footnotes":"","_wp_rev_ctl_limit":"1"},"class_list":["post-1533","page","type-page","status-publish","hentry"],"yoast_head":"<!-- This site is optimized with the Yoast SEO Premium plugin v26.4 (Yoast SEO v26.8) - https:\/\/yoast.com\/product\/yoast-seo-premium-wordpress\/ -->\n<title>Newsletter - Nettes Stadtgarten<\/title>\n<meta name=\"description\" content=\"Regelm\u00e4\u00dfig News und Aktionen zum Balkong\u00e4rtnern und deren Verarbeitung in der K\u00fcche und der Heilpflanzenkunde gew\u00fcnscht? Dann schaut vorbei!\" \/>\n<meta name=\"robots\" content=\"index, follow, max-snippet:-1, max-image-preview:large, max-video-preview:-1\" \/>\n<link rel=\"canonical\" href=\"https:\/\/urban-gardening-blog.de\/Blog\/newsletter-anmeldung\/\" \/>\n<meta property=\"og:locale\" content=\"de_DE\" \/>\n<meta property=\"og:type\" content=\"article\" \/>\n<meta property=\"og:title\" content=\"Newsletter\" \/>\n<meta property=\"og:description\" content=\"Regelm\u00e4\u00dfig News und Aktionen zum Balkong\u00e4rtnern und deren Verarbeitung in der K\u00fcche und der Heilpflanzenkunde gew\u00fcnscht? Dann schaut vorbei!\" \/>\n<meta property=\"og:url\" content=\"https:\/\/urban-gardening-blog.de\/Blog\/newsletter-anmeldung\/\" \/>\n<meta property=\"og:site_name\" content=\"Nettes Stadtgarten\" \/>\n<meta property=\"article:modified_time\" content=\"2025-10-14T11:02:10+00:00\" \/>\n<meta property=\"og:image\" content=\"https:\/\/urban-gardening-blog.de\/Blog\/wp-content\/uploads\/2023\/04\/Sister-Keys.jpg\" \/>\n\t<meta property=\"og:image:width\" content=\"734\" \/>\n\t<meta property=\"og:image:height\" content=\"933\" \/>\n\t<meta property=\"og:image:type\" content=\"image\/jpeg\" \/>\n<meta name=\"twitter:card\" content=\"summary_large_image\" \/>\n<meta name=\"twitter:label1\" content=\"Gesch\u00e4tzte Lesezeit\" \/>\n\t<meta name=\"twitter:data1\" content=\"1\u00a0Minute\" \/>\n<script type=\"application\/ld+json\" class=\"yoast-schema-graph\">{\"@context\":\"https:\/\/schema.org\",\"@graph\":[{\"@type\":\"WebPage\",\"@id\":\"https:\/\/urban-gardening-blog.de\/Blog\/newsletter-anmeldung\/\",\"url\":\"https:\/\/urban-gardening-blog.de\/Blog\/newsletter-anmeldung\/\",\"name\":\"Newsletter - Nettes Stadtgarten\",\"isPartOf\":{\"@id\":\"https:\/\/urban-gardening-blog.de\/Blog\/#website\"},\"primaryImageOfPage\":{\"@id\":\"https:\/\/urban-gardening-blog.de\/Blog\/newsletter-anmeldung\/#primaryimage\"},\"image\":{\"@id\":\"https:\/\/urban-gardening-blog.de\/Blog\/newsletter-anmeldung\/#primaryimage\"},\"thumbnailUrl\":\"https:\/\/urban-gardening-blog.de\/Blog\/wp-content\/uploads\/2023\/04\/Sister-Keys.jpg\",\"datePublished\":\"2021-01-27T13:22:19+00:00\",\"dateModified\":\"2025-10-14T11:02:10+00:00\",\"description\":\"Regelm\u00e4\u00dfig News und Aktionen zum Balkong\u00e4rtnern und deren Verarbeitung in der K\u00fcche und der Heilpflanzenkunde gew\u00fcnscht? Dann schaut vorbei!\",\"breadcrumb\":{\"@id\":\"https:\/\/urban-gardening-blog.de\/Blog\/newsletter-anmeldung\/#breadcrumb\"},\"inLanguage\":\"de\",\"potentialAction\":[{\"@type\":\"ReadAction\",\"target\":[\"https:\/\/urban-gardening-blog.de\/Blog\/newsletter-anmeldung\/\"]}]},{\"@type\":\"ImageObject\",\"inLanguage\":\"de\",\"@id\":\"https:\/\/urban-gardening-blog.de\/Blog\/newsletter-anmeldung\/#primaryimage\",\"url\":\"https:\/\/urban-gardening-blog.de\/Blog\/wp-content\/uploads\/2023\/04\/Sister-Keys.jpg\",\"contentUrl\":\"https:\/\/urban-gardening-blog.de\/Blog\/wp-content\/uploads\/2023\/04\/Sister-Keys.jpg\",\"width\":734,\"height\":933},{\"@type\":\"BreadcrumbList\",\"@id\":\"https:\/\/urban-gardening-blog.de\/Blog\/newsletter-anmeldung\/#breadcrumb\",\"itemListElement\":[{\"@type\":\"ListItem\",\"position\":1,\"name\":\"Startseite\",\"item\":\"https:\/\/urban-gardening-blog.de\/Blog\/\"},{\"@type\":\"ListItem\",\"position\":2,\"name\":\"Newsletter\"}]},{\"@type\":\"WebSite\",\"@id\":\"https:\/\/urban-gardening-blog.de\/Blog\/#website\",\"url\":\"https:\/\/urban-gardening-blog.de\/Blog\/\",\"name\":\"Nettes Stadtgarten\",\"description\":\"\",\"publisher\":{\"@id\":\"https:\/\/urban-gardening-blog.de\/Blog\/#\/schema\/person\/c13187a6abcdab35fb6cc9632cb49b56\"},\"potentialAction\":[{\"@type\":\"SearchAction\",\"target\":{\"@type\":\"EntryPoint\",\"urlTemplate\":\"https:\/\/urban-gardening-blog.de\/Blog\/?s={search_term_string}\"},\"query-input\":{\"@type\":\"PropertyValueSpecification\",\"valueRequired\":true,\"valueName\":\"search_term_string\"}}],\"inLanguage\":\"de\"},{\"@type\":[\"Person\",\"Organization\"],\"@id\":\"https:\/\/urban-gardening-blog.de\/Blog\/#\/schema\/person\/c13187a6abcdab35fb6cc9632cb49b56\",\"name\":\"Nette\",\"image\":{\"@type\":\"ImageObject\",\"inLanguage\":\"de\",\"@id\":\"https:\/\/urban-gardening-blog.de\/Blog\/#\/schema\/person\/image\/\",\"url\":\"https:\/\/urban-gardening-blog.de\/Blog\/wp-content\/uploads\/2025\/01\/cropped-NSG_Logo_Neu.png\",\"contentUrl\":\"https:\/\/urban-gardening-blog.de\/Blog\/wp-content\/uploads\/2025\/01\/cropped-NSG_Logo_Neu.png\",\"width\":512,\"height\":512,\"caption\":\"Nette\"},\"logo\":{\"@id\":\"https:\/\/urban-gardening-blog.de\/Blog\/#\/schema\/person\/image\/\"}}]}<\/script>\n<!-- \/ Yoast SEO Premium plugin. -->","yoast_head_json":{"title":"Newsletter - Nettes Stadtgarten","description":"Regelm\u00e4\u00dfig News und Aktionen zum Balkong\u00e4rtnern und deren Verarbeitung in der K\u00fcche und der Heilpflanzenkunde gew\u00fcnscht? Dann schaut vorbei!","robots":{"index":"index","follow":"follow","max-snippet":"max-snippet:-1","max-image-preview":"max-image-preview:large","max-video-preview":"max-video-preview:-1"},"canonical":"https:\/\/urban-gardening-blog.de\/Blog\/newsletter-anmeldung\/","og_locale":"de_DE","og_type":"article","og_title":"Newsletter","og_description":"Regelm\u00e4\u00dfig News und Aktionen zum Balkong\u00e4rtnern und deren Verarbeitung in der K\u00fcche und der Heilpflanzenkunde gew\u00fcnscht? Dann schaut vorbei!","og_url":"https:\/\/urban-gardening-blog.de\/Blog\/newsletter-anmeldung\/","og_site_name":"Nettes Stadtgarten","article_modified_time":"2025-10-14T11:02:10+00:00","og_image":[{"width":734,"height":933,"url":"https:\/\/urban-gardening-blog.de\/Blog\/wp-content\/uploads\/2023\/04\/Sister-Keys.jpg","type":"image\/jpeg"}],"twitter_card":"summary_large_image","twitter_misc":{"Gesch\u00e4tzte Lesezeit":"1\u00a0Minute"},"schema":{"@context":"https:\/\/schema.org","@graph":[{"@type":"WebPage","@id":"https:\/\/urban-gardening-blog.de\/Blog\/newsletter-anmeldung\/","url":"https:\/\/urban-gardening-blog.de\/Blog\/newsletter-anmeldung\/","name":"Newsletter - Nettes Stadtgarten","isPartOf":{"@id":"https:\/\/urban-gardening-blog.de\/Blog\/#website"},"primaryImageOfPage":{"@id":"https:\/\/urban-gardening-blog.de\/Blog\/newsletter-anmeldung\/#primaryimage"},"image":{"@id":"https:\/\/urban-gardening-blog.de\/Blog\/newsletter-anmeldung\/#primaryimage"},"thumbnailUrl":"https:\/\/urban-gardening-blog.de\/Blog\/wp-content\/uploads\/2023\/04\/Sister-Keys.jpg","datePublished":"2021-01-27T13:22:19+00:00","dateModified":"2025-10-14T11:02:10+00:00","description":"Regelm\u00e4\u00dfig News und Aktionen zum Balkong\u00e4rtnern und deren Verarbeitung in der K\u00fcche und der Heilpflanzenkunde gew\u00fcnscht? Dann schaut vorbei!","breadcrumb":{"@id":"https:\/\/urban-gardening-blog.de\/Blog\/newsletter-anmeldung\/#breadcrumb"},"inLanguage":"de","potentialAction":[{"@type":"ReadAction","target":["https:\/\/urban-gardening-blog.de\/Blog\/newsletter-anmeldung\/"]}]},{"@type":"ImageObject","inLanguage":"de","@id":"https:\/\/urban-gardening-blog.de\/Blog\/newsletter-anmeldung\/#primaryimage","url":"https:\/\/urban-gardening-blog.de\/Blog\/wp-content\/uploads\/2023\/04\/Sister-Keys.jpg","contentUrl":"https:\/\/urban-gardening-blog.de\/Blog\/wp-content\/uploads\/2023\/04\/Sister-Keys.jpg","width":734,"height":933},{"@type":"BreadcrumbList","@id":"https:\/\/urban-gardening-blog.de\/Blog\/newsletter-anmeldung\/#breadcrumb","itemListElement":[{"@type":"ListItem","position":1,"name":"Startseite","item":"https:\/\/urban-gardening-blog.de\/Blog\/"},{"@type":"ListItem","position":2,"name":"Newsletter"}]},{"@type":"WebSite","@id":"https:\/\/urban-gardening-blog.de\/Blog\/#website","url":"https:\/\/urban-gardening-blog.de\/Blog\/","name":"Nettes Stadtgarten","description":"","publisher":{"@id":"https:\/\/urban-gardening-blog.de\/Blog\/#\/schema\/person\/c13187a6abcdab35fb6cc9632cb49b56"},"potentialAction":[{"@type":"SearchAction","target":{"@type":"EntryPoint","urlTemplate":"https:\/\/urban-gardening-blog.de\/Blog\/?s={search_term_string}"},"query-input":{"@type":"PropertyValueSpecification","valueRequired":true,"valueName":"search_term_string"}}],"inLanguage":"de"},{"@type":["Person","Organization"],"@id":"https:\/\/urban-gardening-blog.de\/Blog\/#\/schema\/person\/c13187a6abcdab35fb6cc9632cb49b56","name":"Nette","image":{"@type":"ImageObject","inLanguage":"de","@id":"https:\/\/urban-gardening-blog.de\/Blog\/#\/schema\/person\/image\/","url":"https:\/\/urban-gardening-blog.de\/Blog\/wp-content\/uploads\/2025\/01\/cropped-NSG_Logo_Neu.png","contentUrl":"https:\/\/urban-gardening-blog.de\/Blog\/wp-content\/uploads\/2025\/01\/cropped-NSG_Logo_Neu.png","width":512,"height":512,"caption":"Nette"},"logo":{"@id":"https:\/\/urban-gardening-blog.de\/Blog\/#\/schema\/person\/image\/"}}]}},"_links":{"self":[{"href":"https:\/\/urban-gardening-blog.de\/Blog\/wp-json\/wp\/v2\/pages\/1533","targetHints":{"allow":["GET"]}}],"collection":[{"href":"https:\/\/urban-gardening-blog.de\/Blog\/wp-json\/wp\/v2\/pages"}],"about":[{"href":"https:\/\/urban-gardening-blog.de\/Blog\/wp-json\/wp\/v2\/types\/page"}],"author":[{"embeddable":true,"href":"https:\/\/urban-gardening-blog.de\/Blog\/wp-json\/wp\/v2\/users\/1"}],"replies":[{"embeddable":true,"href":"https:\/\/urban-gardening-blog.de\/Blog\/wp-json\/wp\/v2\/comments?post=1533"}],"version-history":[{"count":1,"href":"https:\/\/urban-gardening-blog.de\/Blog\/wp-json\/wp\/v2\/pages\/1533\/revisions"}],"predecessor-version":[{"id":3028,"href":"https:\/\/urban-gardening-blog.de\/Blog\/wp-json\/wp\/v2\/pages\/1533\/revisions\/3028"}],"wp:attachment":[{"href":"https:\/\/urban-gardening-blog.de\/Blog\/wp-json\/wp\/v2\/media?parent=1533"}],"curies":[{"name":"wp","href":"https:\/\/api.w.org\/{rel}","templated":true}]}}